{"id":2244,"date":"2020-06-22T20:14:14","date_gmt":"2020-06-22T18:14:14","guid":{"rendered":"https:\/\/timander.de\/faq\/"},"modified":"2022-01-14T08:45:08","modified_gmt":"2022-01-14T07:45:08","slug":"faq","status":"publish","type":"page","link":"https:\/\/timander.de\/en\/faq\/","title":{"rendered":"FAQ"},"content":{"rendered":"<p>[et_pb_section fb_built=&#8221;1&#8243; fullwidth=&#8221;on&#8221; _builder_version=&#8221;4.4.1&#8243; min_height_tablet=&#8221;&#8221; min_height_phone=&#8221;100px&#8221; min_height_last_edited=&#8221;on|desktop&#8221; height_tablet=&#8221;&#8221; height_phone=&#8221;1000px&#8221; height_last_edited=&#8221;on|desktop&#8221; max_height_tablet=&#8221;&#8221; max_height_phone=&#8221;325px&#8221; max_height_last_edited=&#8221;on|phone&#8221; global_colors_info=&#8221;{}&#8221;][et_pb_fullwidth_image title_text=&#8221;Timander-Fu\u0308hrungskra\u0308fteseminare-Berlin-Wald-nachhaltig&#8221; _builder_version=&#8221;4.4.8&#8243; background_image=&#8221;https:\/\/timander.de\/wp-content\/uploads\/2020\/07\/Timander-Fu\u0308hrungskra\u0308fteseminare-Berlin-Wald-nachhaltig.jpg&#8221; background_position=&#8221;top_center&#8221; min_height=&#8221;400px&#8221; height=&#8221;900px&#8221; custom_margin=&#8221;-2px|||||&#8221; custom_padding=&#8221;0px|||||&#8221; global_colors_info=&#8221;{}&#8221;][\/et_pb_fullwidth_image][\/et_pb_section][et_pb_section fb_built=&#8221;1&#8243; _builder_version=&#8221;4.4.1&#8243; background_color=&#8221;rgba(0,0,0,0)&#8221; use_background_color_gradient=&#8221;on&#8221; background_color_gradient_start=&#8221;#ffffff&#8221; background_color_gradient_end=&#8221;#ffffff&#8221; background_color_gradient_type=&#8221;radial&#8221; background_color_gradient_start_position=&#8221;1%&#8221; custom_margin=&#8221;0px||-2px|||&#8221; custom_padding=&#8221;5px||6px|||&#8221; global_colors_info=&#8221;{}&#8221;][et_pb_row column_structure=&#8221;1_2,1_2&#8243; _builder_version=&#8221;3.25.4&#8243; min_height=&#8221;296px&#8221; custom_margin=&#8221;-1px|auto||auto||&#8221; custom_padding=&#8221;66px||2px|||&#8221; global_colors_info=&#8221;{}&#8221;][et_pb_column type=&#8221;1_2&#8243; _builder_version=&#8221;3.25.4&#8243; global_colors_info=&#8221;{}&#8221;][et_pb_text _builder_version=&#8221;4.14.2&#8243; header_font=&#8221;Lato|700|||||||&#8221; header_text_align=&#8221;right&#8221; header_text_color=&#8221;#125f1d&#8221; custom_padding=&#8221;28px||0px|||&#8221; global_colors_info=&#8221;{}&#8221;]<\/p>\n<h1 style=\"text-align: right;\">FAQs<\/h1>\n<p>[\/et_pb_text][\/et_pb_column][et_pb_column type=&#8221;1_2&#8243; _builder_version=&#8221;3.25.4&#8243; global_colors_info=&#8221;{}&#8221;][et_pb_text _builder_version=&#8221;4.11.4&#8243; text_font=&#8221;Lato||||||||&#8221; header_font=&#8221;Lato|700||on|||||&#8221; header_2_font=&#8221;Lato|300||on|||||&#8221; header_2_font_size=&#8221;28px&#8221; header_3_font=&#8221;Lato|300||on|||||&#8221; header_3_font_size=&#8221;28px&#8221; width=&#8221;100%&#8221; custom_padding=&#8221;5px|||||&#8221; global_colors_info=&#8221;{}&#8221;]<\/p>\n<h2>Frequently ASKED Question<\/h2>\n<p>[\/et_pb_text][et_pb_text _builder_version=&#8221;4.4.1&#8243; text_font=&#8221;Lato|300|||||||&#8221; text_text_color=&#8221;#000000&#8243; text_font_size=&#8221;19px&#8221; custom_margin=&#8221;0px|||||&#8221; global_colors_info=&#8221;{}&#8221;]<\/p>\n<p>Coaching in nature is an unusual approach, so I\u2019ve answered some of the most frequently asked questions below.<\/p>\n<p>[\/et_pb_text][\/et_pb_column][\/et_pb_row][et_pb_row _builder_version=&#8221;4.4.1&#8243; width_tablet=&#8221;&#8221; width_phone=&#8221;&#8221; width_last_edited=&#8221;on|desktop&#8221; custom_padding=&#8221;||35px|||&#8221; global_colors_info=&#8221;{}&#8221;][et_pb_column type=&#8221;4_4&#8243; _builder_version=&#8221;4.4.1&#8243; global_colors_info=&#8221;{}&#8221;][et_pb_accordion custom_margin=&#8221;0px||-30px||false|false&#8221; border_width_all=&#8221;0px&#8221; toggle_font_last_edited=&#8221;on|phone&#8221; toggle_font_size=&#8221;16px&#8221; closed_toggle_line_height=&#8221;1.7em&#8221; closed_toggle_line_height_tablet=&#8221;1.7em&#8221; closed_toggle_line_height_phone=&#8221;1.7em&#8221; closed_toggle_line_height_last_edited=&#8221;on|tablet&#8221; min_height_last_edited=&#8221;on|tablet&#8221; _builder_version=&#8221;4.14.2&#8243; toggle_line_height=&#8221;1.5em&#8221; closed_toggle_font_size=&#8221;19px&#8221; body_font=&#8221;Lato|300|||||||&#8221; min_height_tablet=&#8221;&#8221; min_height_phone=&#8221;&#8221; max_height=&#8221;1000px&#8221; max_height_tablet=&#8221;982px&#8221; max_height_phone=&#8221;&#8221; max_height_last_edited=&#8221;on|phone&#8221; custom_padding=&#8221;0px||||false|false&#8221; toggle_font_tablet=&#8221;Lato||||||||&#8221; toggle_font_phone=&#8221;Lato||||||||&#8221; closed_toggle_font_tablet=&#8221;&#8221; closed_toggle_font_phone=&#8221;&#8221; closed_toggle_font_last_edited=&#8221;on|phone&#8221; body_font_size_tablet=&#8221;&#8221; body_font_size_phone=&#8221;&#8221; body_font_size_last_edited=&#8221;on|desktop&#8221; global_colors_info=&#8221;{}&#8221;][et_pb_accordion_item title=&#8221;What happens if it\u2019s raining on the day of my leadership seminar in the forest?&#8221; open=&#8221;on&#8221; _builder_version=&#8221;4.4.1&#8243; body_font_tablet=&#8221;&#8221; body_font_phone=&#8221;&#8221; body_font_last_edited=&#8221;on|phone&#8221; global_colors_info=&#8221;{}&#8221; toggle_font_size=&#8221;19px&#8221;]<\/p>\n<p>The arrangements will differ depending on whether the rain is light or heavy. In light rain, the leadership coaching in the forest will still take place, and we have the option of sheltering under tarpaulins. It would be a good idea to bring a waterproof jacket too. In the event of heavy rain, I\u2019ll contact you on the morning of the coaching to give you a new date.<\/p>\n<p>[\/et_pb_accordion_item][et_pb_accordion_item title=&#8221;Do I need to prepare for one-to-one or group coaching?&#8221; _builder_version=&#8221;4.4.1&#8243; body_font_tablet=&#8221;&#8221; body_font_phone=&#8221;&#8221; body_font_last_edited=&#8221;on|phone&#8221; global_colors_info=&#8221;{}&#8221; toggle_font_size=&#8221;19px&#8221; open=&#8221;off&#8221;]<\/p>\n<p>There\u2019s no need to do any preparation. However, if you come to the coaching with a curious and open attitude, you\u2019ll learn more, get more from the experience and further improve your skills.<\/p>\n<p>[\/et_pb_accordion_item][et_pb_accordion_item title=&#8221;How do I know which form of coaching is right for me?&#8221; _builder_version=&#8221;4.14.2&#8243; body_font_tablet=&#8221;&#8221; body_font_phone=&#8221;&#8221; body_font_last_edited=&#8221;on|phone&#8221; global_colors_info=&#8221;{}&#8221; toggle_font_size=&#8221;19px&#8221; open=&#8221;off&#8221;]<\/p>\n<p>If you need any advice, please don\u2019t hesitate to give me a call. My two programmes in Germany are easy to tell apart:<br \/>The \u201cObserve \u2013 Discover \u2013 Re-evaluate\u201d seminars and one-to-one coaching are designed to give you a fresh perspective on and a new approach to yourself and your role in your company. You can use this renewed energy to perform better and get to work on new visions and ideas. You could view this coaching as a kind of \u201cgeneral maintenance\u201d for yourself.<br \/>In \u201cStep off the hamster wheel\u201d one-to-one coaching, we focus on your personal development as an individual, which in turn will lead to an improvement in your leadership abilities. In this one-to-one coaching, we eliminate and transform old, unhelpful belief systems, patterns and behavioural structures. This is important if you find yourself coming up against the same challenges, difficulties and obstacles in both your private and professional life.<\/p>\n<p>[\/et_pb_accordion_item][et_pb_accordion_item title=&#8221;How do your programmes differ from forest bathing?&#8221; _builder_version=&#8221;4.14.2&#8243; _module_preset=&#8221;default&#8221; global_colors_info=&#8221;{}&#8221; open=&#8221;off&#8221;]<\/p>\n<p>I choose to coach in the forest just like others choose to coach in classrooms. The difference is that being in the forest helps my clients to switch off and be present in the moment, and to concentrate fully on themselves and their new experiences. They are able to get to know themselves in a new way and discover where their strengths lie and how they can use these strengths in their everyday lives. This is easier to achieve in a powerful, energising location like the forest \u2013 which gives us a sense of calm and, incidentally, is also where forest bathing is practised.<\/p>\n<p>[\/et_pb_accordion_item][\/et_pb_accordion][\/et_pb_column][\/et_pb_row][et_pb_row column_structure=&#8221;1_2,1_2&#8243; _builder_version=&#8221;4.4.1&#8243; custom_margin=&#8221;40px||0px||false|false&#8221; custom_margin_tablet=&#8221;20px||||false|false&#8221; custom_margin_phone=&#8221;&#8221; custom_margin_last_edited=&#8221;on|phone&#8221; custom_padding=&#8221;0px||||false|false&#8221; global_colors_info=&#8221;{}&#8221;][et_pb_column type=&#8221;1_2&#8243; _builder_version=&#8221;4.4.1&#8243; global_colors_info=&#8221;{}&#8221;][\/et_pb_column][et_pb_column type=&#8221;1_2&#8243; _builder_version=&#8221;4.4.1&#8243; global_colors_info=&#8221;{}&#8221;][et_pb_text _builder_version=&#8221;4.14.2&#8243; text_font=&#8221;Lato|600|||||||&#8221; text_text_color=&#8221;#125f1d&#8221; text_orientation=&#8221;center&#8221; min_height=&#8221;30px&#8221; custom_padding=&#8221;3px|3px|3px|3px|true|true&#8221; link_option_url=&#8221;&#109;&#x61;&#105;&#x6c;&#116;&#x6f;&#58;&#x69;&#110;&#x66;&#111;&#x40;&#116;&#x69;&#109;&#x61;&#110;&#x64;&#101;&#x72;&#46;&#x64;&#101;&#8221; border_radii=&#8221;on|3px|3px|3px|3px&#8221; border_width_all=&#8221;2px&#8221; border_color_all=&#8221;#125f1d&#8221; saved_tabs=&#8221;all&#8221; global_colors_info=&#8221;{}&#8221;]<\/p>\n<p>If you need more information, send me an email.<\/p>\n<p>[\/et_pb_text][\/et_pb_column][\/et_pb_row][\/et_pb_section][et_pb_section fb_built=&#8221;1&#8243; _builder_version=&#8221;4.14.2&#8243; background_image=&#8221;https:\/\/timander.de\/wp-content\/uploads\/2020\/07\/Timander-Skills-Waldbaden-neuer-Fuehrungsstil-Berlin.jpg&#8221; min_height=&#8221;400px&#8221; height=&#8221;900px&#8221; custom_margin=&#8221;1px|||||&#8221; custom_padding=&#8221;8px||767px|||&#8221; global_colors_info=&#8221;{}&#8221;][\/et_pb_section]<\/p>\n","protected":false},"excerpt":{"rendered":"<p>FAQsFrequently ASKED QuestionCoaching in nature is an unusual approach, so I\u2019ve answered some of the most frequently asked questions below.The arrangements will differ depending on whether the rain is light or heavy. In light rain, the leadership coaching in the forest will still take place, and we have the option of sheltering under tarpaulins. It [&hellip;]<\/p>\n","protected":false},"author":4,"featured_media":0,"parent":0,"menu_order":0,"comment_status":"closed","ping_status":"closed","template":"","meta":{"_et_pb_use_builder":"on","_et_pb_old_content":"","_et_gb_content_width":"","footnotes":""},"class_list":["post-2244","page","type-page","status-publish","hentry"],"yoast_head":"<!-- This site is optimized with the Yoast SEO Premium plugin v26.8 (Yoast SEO v26.8) - https:\/\/yoast.com\/product\/yoast-seo-premium-wordpress\/ -->\n<title>FAQ - Gruppenseminare - Einzelcoaching - F\u00fchrungskr\u00e4fte - Berlin<\/title>\n<meta name=\"description\" content=\"Zu meinen nachhaltigen F\u00fchrungskompetenzerweiterungen in meinen Coachings, Trainings und Seminaren erhalten Sie hier Antworten auf h\u00e4ufig gestellte Fragen zu \u201eWahrnehmen - entdecken - neu bewerten\u201c und \u201eRausaus dem Hamsterrad\u201c\" \/>\n<meta name=\"robots\" content=\"index, follow, max-snippet:-1, max-image-preview:large, max-video-preview:-1\" \/>\n<link rel=\"canonical\" href=\"https:\/\/timander.de\/en\/faq\/\" \/>\n<meta property=\"og:locale\" content=\"en_US\" \/>\n<meta property=\"og:type\" content=\"article\" \/>\n<meta property=\"og:title\" content=\"FAQ\" \/>\n<meta property=\"og:description\" content=\"Zu meinen nachhaltigen F\u00fchrungskompetenzerweiterungen in meinen Coachings, Trainings und Seminaren erhalten Sie hier Antworten auf h\u00e4ufig gestellte Fragen zu \u201eWahrnehmen - entdecken - neu bewerten\u201c und \u201eRausaus dem Hamsterrad\u201c\" \/>\n<meta property=\"og:url\" content=\"https:\/\/timander.de\/en\/faq\/\" \/>\n<meta property=\"og:site_name\" content=\"Svea Timander\" \/>\n<meta property=\"article:modified_time\" content=\"2022-01-14T07:45:08+00:00\" \/>\n<meta name=\"twitter:card\" content=\"summary_large_image\" \/>\n<meta name=\"twitter:label1\" content=\"Est. reading time\" \/>\n\t<meta name=\"twitter:data1\" content=\"6 minutes\" \/>\n<script type=\"application\/ld+json\" class=\"yoast-schema-graph\">{\"@context\":\"https:\/\/schema.org\",\"@graph\":[{\"@type\":[\"WebPage\",\"FAQPage\"],\"@id\":\"https:\/\/timander.de\/en\/faq\/\",\"url\":\"https:\/\/timander.de\/en\/faq\/\",\"name\":\"FAQ - Gruppenseminare - Einzelcoaching - F\u00fchrungskr\u00e4fte - Berlin\",\"isPartOf\":{\"@id\":\"https:\/\/timander.de\/#website\"},\"datePublished\":\"2020-06-22T18:14:14+00:00\",\"dateModified\":\"2022-01-14T07:45:08+00:00\",\"description\":\"Zu meinen nachhaltigen F\u00fchrungskompetenzerweiterungen in meinen Coachings, Trainings und Seminaren erhalten Sie hier Antworten auf h\u00e4ufig gestellte Fragen zu \u201eWahrnehmen - entdecken - neu bewerten\u201c und \u201eRausaus dem Hamsterrad\u201c\",\"breadcrumb\":{\"@id\":\"https:\/\/timander.de\/en\/faq\/#breadcrumb\"},\"inLanguage\":\"en-US\",\"potentialAction\":[{\"@type\":\"ReadAction\",\"target\":[\"https:\/\/timander.de\/en\/faq\/\"]}]},{\"@type\":\"BreadcrumbList\",\"@id\":\"https:\/\/timander.de\/en\/faq\/#breadcrumb\",\"itemListElement\":[{\"@type\":\"ListItem\",\"position\":1,\"name\":\"Startseite\",\"item\":\"https:\/\/timander.de\/\"},{\"@type\":\"ListItem\",\"position\":2,\"name\":\"FAQ\"}]},{\"@type\":\"WebSite\",\"@id\":\"https:\/\/timander.de\/#website\",\"url\":\"https:\/\/timander.de\/\",\"name\":\"Svea Timander\",\"description\":\"Digitalisierung hei\u00dft F\u00fchrungskompetenzerweiterung\",\"publisher\":{\"@id\":\"https:\/\/timander.de\/#\/schema\/person\/b34f98d8cf04d9a75a3182b59d8c4d3d\"},\"potentialAction\":[{\"@type\":\"SearchAction\",\"target\":{\"@type\":\"EntryPoint\",\"urlTemplate\":\"https:\/\/timander.de\/?s={search_term_string}\"},\"query-input\":{\"@type\":\"PropertyValueSpecification\",\"valueRequired\":true,\"valueName\":\"search_term_string\"}}],\"inLanguage\":\"en-US\"},{\"@type\":[\"Person\",\"Organization\"],\"@id\":\"https:\/\/timander.de\/#\/schema\/person\/b34f98d8cf04d9a75a3182b59d8c4d3d\",\"name\":\"Svea Timander\",\"image\":{\"@type\":\"ImageObject\",\"inLanguage\":\"en-US\",\"@id\":\"https:\/\/timander.de\/#\/schema\/person\/image\/\",\"url\":\"https:\/\/secure.gravatar.com\/avatar\/f819e28489c4d92b854073bb5fa9aab3?s=96&d=mm&r=g\",\"contentUrl\":\"https:\/\/secure.gravatar.com\/avatar\/f819e28489c4d92b854073bb5fa9aab3?s=96&d=mm&r=g\",\"caption\":\"Svea Timander\"},\"logo\":{\"@id\":\"https:\/\/timander.de\/#\/schema\/person\/image\/\"},\"sameAs\":[\"https:\/\/timander.de\"]}]}<\/script>\n<!-- \/ Yoast SEO Premium plugin. -->","yoast_head_json":{"title":"FAQ - Gruppenseminare - Einzelcoaching - F\u00fchrungskr\u00e4fte - Berlin","description":"Zu meinen nachhaltigen F\u00fchrungskompetenzerweiterungen in meinen Coachings, Trainings und Seminaren erhalten Sie hier Antworten auf h\u00e4ufig gestellte Fragen zu \u201eWahrnehmen - entdecken - neu bewerten\u201c und \u201eRausaus dem Hamsterrad\u201c","robots":{"index":"index","follow":"follow","max-snippet":"max-snippet:-1","max-image-preview":"max-image-preview:large","max-video-preview":"max-video-preview:-1"},"canonical":"https:\/\/timander.de\/en\/faq\/","og_locale":"en_US","og_type":"article","og_title":"FAQ","og_description":"Zu meinen nachhaltigen F\u00fchrungskompetenzerweiterungen in meinen Coachings, Trainings und Seminaren erhalten Sie hier Antworten auf h\u00e4ufig gestellte Fragen zu \u201eWahrnehmen - entdecken - neu bewerten\u201c und \u201eRausaus dem Hamsterrad\u201c","og_url":"https:\/\/timander.de\/en\/faq\/","og_site_name":"Svea Timander","article_modified_time":"2022-01-14T07:45:08+00:00","twitter_card":"summary_large_image","twitter_misc":{"Est. reading time":"6 minutes"},"schema":{"@context":"https:\/\/schema.org","@graph":[{"@type":["WebPage","FAQPage"],"@id":"https:\/\/timander.de\/en\/faq\/","url":"https:\/\/timander.de\/en\/faq\/","name":"FAQ - Gruppenseminare - Einzelcoaching - F\u00fchrungskr\u00e4fte - Berlin","isPartOf":{"@id":"https:\/\/timander.de\/#website"},"datePublished":"2020-06-22T18:14:14+00:00","dateModified":"2022-01-14T07:45:08+00:00","description":"Zu meinen nachhaltigen F\u00fchrungskompetenzerweiterungen in meinen Coachings, Trainings und Seminaren erhalten Sie hier Antworten auf h\u00e4ufig gestellte Fragen zu \u201eWahrnehmen - entdecken - neu bewerten\u201c und \u201eRausaus dem Hamsterrad\u201c","breadcrumb":{"@id":"https:\/\/timander.de\/en\/faq\/#breadcrumb"},"inLanguage":"en-US","potentialAction":[{"@type":"ReadAction","target":["https:\/\/timander.de\/en\/faq\/"]}]},{"@type":"BreadcrumbList","@id":"https:\/\/timander.de\/en\/faq\/#breadcrumb","itemListElement":[{"@type":"ListItem","position":1,"name":"Startseite","item":"https:\/\/timander.de\/"},{"@type":"ListItem","position":2,"name":"FAQ"}]},{"@type":"WebSite","@id":"https:\/\/timander.de\/#website","url":"https:\/\/timander.de\/","name":"Svea Timander","description":"Digitalisierung hei\u00dft F\u00fchrungskompetenzerweiterung","publisher":{"@id":"https:\/\/timander.de\/#\/schema\/person\/b34f98d8cf04d9a75a3182b59d8c4d3d"},"potentialAction":[{"@type":"SearchAction","target":{"@type":"EntryPoint","urlTemplate":"https:\/\/timander.de\/?s={search_term_string}"},"query-input":{"@type":"PropertyValueSpecification","valueRequired":true,"valueName":"search_term_string"}}],"inLanguage":"en-US"},{"@type":["Person","Organization"],"@id":"https:\/\/timander.de\/#\/schema\/person\/b34f98d8cf04d9a75a3182b59d8c4d3d","name":"Svea Timander","image":{"@type":"ImageObject","inLanguage":"en-US","@id":"https:\/\/timander.de\/#\/schema\/person\/image\/","url":"https:\/\/secure.gravatar.com\/avatar\/f819e28489c4d92b854073bb5fa9aab3?s=96&d=mm&r=g","contentUrl":"https:\/\/secure.gravatar.com\/avatar\/f819e28489c4d92b854073bb5fa9aab3?s=96&d=mm&r=g","caption":"Svea Timander"},"logo":{"@id":"https:\/\/timander.de\/#\/schema\/person\/image\/"},"sameAs":["https:\/\/timander.de"]}]}},"_links":{"self":[{"href":"https:\/\/timander.de\/en\/wp-json\/wp\/v2\/pages\/2244","targetHints":{"allow":["GET"]}}],"collection":[{"href":"https:\/\/timander.de\/en\/wp-json\/wp\/v2\/pages"}],"about":[{"href":"https:\/\/timander.de\/en\/wp-json\/wp\/v2\/types\/page"}],"author":[{"embeddable":true,"href":"https:\/\/timander.de\/en\/wp-json\/wp\/v2\/users\/4"}],"replies":[{"embeddable":true,"href":"https:\/\/timander.de\/en\/wp-json\/wp\/v2\/comments?post=2244"}],"version-history":[{"count":1,"href":"https:\/\/timander.de\/en\/wp-json\/wp\/v2\/pages\/2244\/revisions"}],"predecessor-version":[{"id":2245,"href":"https:\/\/timander.de\/en\/wp-json\/wp\/v2\/pages\/2244\/revisions\/2245"}],"wp:attachment":[{"href":"https:\/\/timander.de\/en\/wp-json\/wp\/v2\/media?parent=2244"}],"curies":[{"name":"wp","href":"https:\/\/api.w.org\/{rel}","templated":true}]}}