{"id":2310,"date":"2022-01-14T10:53:12","date_gmt":"2022-01-14T09:53:12","guid":{"rendered":"https:\/\/timander.de\/?page_id=2310"},"modified":"2022-02-16T09:17:09","modified_gmt":"2022-02-16T08:17:09","slug":"om-mig","status":"publish","type":"page","link":"https:\/\/timander.de\/sv\/om-mig\/","title":{"rendered":"Om mig"},"content":{"rendered":"<p>[et_pb_section fb_built=&#8221;1&#8243; fullwidth=&#8221;on&#8221; _builder_version=&#8221;4.4.1&#8243; min_height_tablet=&#8221;&#8221; min_height_phone=&#8221;100px&#8221; min_height_last_edited=&#8221;on|phone&#8221; height_tablet=&#8221;&#8221; height_phone=&#8221;1000px&#8221; height_last_edited=&#8221;on|phone&#8221; max_height_tablet=&#8221;&#8221; max_height_phone=&#8221;325px&#8221; max_height_last_edited=&#8221;on|phone&#8221; global_colors_info=&#8221;{}&#8221;][et_pb_fullwidth_image _builder_version=&#8221;4.4.1&#8243; background_image=&#8221;https:\/\/timander.de\/wp-content\/uploads\/2020\/03\/Fachkr\u00e4ftemangel-innovative-Entscheidungen.jpg&#8221; background_position=&#8221;top_center&#8221; min_height=&#8221;400px&#8221; height=&#8221;900px&#8221; custom_margin=&#8221;-2px|||||&#8221; custom_padding=&#8221;0px|||||&#8221; global_colors_info=&#8221;{}&#8221;][\/et_pb_fullwidth_image][\/et_pb_section][et_pb_section fb_built=&#8221;1&#8243; _builder_version=&#8221;4.3.4&#8243; background_color=&#8221;rgba(0,0,0,0)&#8221; use_background_color_gradient=&#8221;on&#8221; background_color_gradient_start=&#8221;#ffffff&#8221; background_color_gradient_end=&#8221;#ffffff&#8221; background_color_gradient_type=&#8221;radial&#8221; background_color_gradient_start_position=&#8221;1%&#8221; min_height=&#8221;608px&#8221; custom_margin=&#8221;0px||-2px|||&#8221; custom_padding=&#8221;5px||6px|||&#8221; global_colors_info=&#8221;{}&#8221;][et_pb_row column_structure=&#8221;1_2,1_2&#8243; _builder_version=&#8221;3.25.4&#8243; min_height=&#8221;344px&#8221; custom_margin=&#8221;-1px|auto||auto||&#8221; custom_padding=&#8221;3px||64px|||&#8221; global_colors_info=&#8221;{}&#8221;][et_pb_column type=&#8221;1_2&#8243; _builder_version=&#8221;3.25.4&#8243; global_colors_info=&#8221;{}&#8221;][et_pb_image src=&#8221;https:\/\/timander.de\/wp-content\/uploads\/2020\/03\/sveatimander_gruen-e1583426000898.png&#8221; align=&#8221;right&#8221; _builder_version=&#8221;4.3.4&#8243; min_height=&#8221;14px&#8221; custom_margin=&#8221;107px||29px|||&#8221; global_colors_info=&#8221;{}&#8221;][\/et_pb_image][et_pb_image src=&#8221;https:\/\/timander.de\/wp-content\/uploads\/2020\/03\/Timander-Waldbaden-Atem\u00fcbungen.jpg&#8221; _builder_version=&#8221;4.4.1&#8243; width=&#8221;40%&#8221; width_tablet=&#8221;&#8221; width_phone=&#8221;63%&#8221; width_last_edited=&#8221;on|phone&#8221; max_width=&#8221;40%&#8221; max_width_tablet=&#8221;&#8221; max_width_phone=&#8221;63%&#8221; max_width_last_edited=&#8221;on|phone&#8221; module_alignment=&#8221;right&#8221; min_height_tablet=&#8221;&#8221; min_height_phone=&#8221;&#8221; min_height_last_edited=&#8221;on|phone&#8221; height_tablet=&#8221;&#8221; height_phone=&#8221;&#8221; height_last_edited=&#8221;on|desktop&#8221; max_height_tablet=&#8221;&#8221; max_height_phone=&#8221;&#8221; max_height_last_edited=&#8221;on|desktop&#8221; global_colors_info=&#8221;{}&#8221;][\/et_pb_image][\/et_pb_column][et_pb_column type=&#8221;1_2&#8243; _builder_version=&#8221;3.25.4&#8243; global_colors_info=&#8221;{}&#8221;][et_pb_text _builder_version=&#8221;4.3.4&#8243; text_font=&#8221;Lato||||||||&#8221; header_font=&#8221;Lato|300||on|||||&#8221; header_2_font=&#8221;Lato|300||on|||||&#8221; header_2_font_size=&#8221;28px&#8221; header_3_font=&#8221;Lato|300||on|||||&#8221; header_3_font_size=&#8221;28px&#8221; width=&#8221;100%&#8221; custom_padding=&#8221;60px|||||&#8221; global_colors_info=&#8221;{}&#8221;]<\/p>\n<h2>Om Mig<\/h2>\n<p>[\/et_pb_text][et_pb_text _builder_version=&#8221;4.4.1&#8243; text_font=&#8221;Lato|300|||||||&#8221; text_text_color=&#8221;#000000&#8243; text_font_size=&#8221;19px&#8221; custom_margin=&#8221;0px|||||&#8221; global_colors_info=&#8221;{}&#8221;]<\/p>\n<p><span>Jag \u00e4r utbildad sk\u00e5despelerska och verksam inom film, TV samt teater. Som sk\u00e5despelare \u00e4r jag intresserad av hur saker st\u00e4ndigt f\u00f6r\u00e4ndras och utvecklas till n\u00e5got nytt. Det finns tekniker som man kan anv\u00e4nda f\u00f6r att f\u00f6rbli \u00f6ppen, och dem har jag l\u00e4rt mig under min intensiva sk\u00e5despelarutbildning vid Max Reinhardt Seminar i Wien, \u00d6sterrike. Jag anv\u00e4nder dem med framg\u00e5ng vid mina workshops och min coachning f\u00f6r chefer i skogarna runt om Berlin. De \u00e4r roliga att arbeta med och effekten \u00e4r l\u00e5ngvarig.<\/p>\n<p>Min k\u00e4rlek till naturen och skogen uppt\u00e4ckte jag redan n\u00e4r jag var tolv \u00e5r gammal, och \u00e4n idag tar jag varje \u00e5r en time-out i den skandinaviska vildmarken f\u00f6r att verkligen \u201dkoppla ner\u201d, landa och tanka ny energi.<br \/>I min str\u00e4van efter att f\u00f6r\u00e4ndras och vidareutvecklas har jag l\u00e4rt k\u00e4nna Living Gestalt, en metod d\u00e4r antaganden, hindrande m\u00f6nster och blockeringar kan l\u00f6sas upp och f\u00f6r\u00e4ndras p\u00e5 ett varaktigt s\u00e4tt. Denna resa in i oss sj\u00e4lva \u00e4r fascinerande och sp\u00e4nnande. Jag praktiserar den sedan 2013 d\u00e5 jag slutf\u00f6rde min utbildning som Practicioner\/Teacher inom Living Gestalt &amp; Kroppsmedvetenhet enligt Dr. Leland Johnson hos Anna och Dr. Martin Bosch.<\/p>\n<p>Jag \u00e4lskar att samarbeta med m\u00e4nniskor och att vara med dem under deras personliga utvecklingsprocess, b\u00e5de i grupp och under individuell coachning. Jag anpassar mig till dina personliga behov och h\u00e4mtar upp dig p\u00e5 den plats d\u00e4r du befinner dig.<br \/><\/span><\/p>\n<p>[\/et_pb_text][\/et_pb_column][\/et_pb_row][\/et_pb_section][et_pb_section fb_built=&#8221;1&#8243; _builder_version=&#8221;4.4.1&#8243; background_image=&#8221;https:\/\/timander.de\/wp-content\/uploads\/2020\/03\/Natur-Verlangsamen-stressfrei-sp\u00fcren.jpg&#8221; min_height=&#8221;400px&#8221; height=&#8221;900px&#8221; custom_margin=&#8221;1px|||||&#8221; custom_padding=&#8221;8px||767px|||&#8221; global_colors_info=&#8221;{}&#8221;][\/et_pb_section]<\/p>\n","protected":false},"excerpt":{"rendered":"<p>Om MigJag \u00e4r utbildad sk\u00e5despelerska och verksam inom film, TV samt teater. Som sk\u00e5despelare \u00e4r jag intresserad av hur saker st\u00e4ndigt f\u00f6r\u00e4ndras och utvecklas till n\u00e5got nytt. Det finns tekniker som man kan anv\u00e4nda f\u00f6r att f\u00f6rbli \u00f6ppen, och dem har jag l\u00e4rt mig under min intensiva sk\u00e5despelarutbildning vid Max Reinhardt Seminar i Wien, \u00d6sterrike. [&hellip;]<\/p>\n","protected":false},"author":6,"featured_media":0,"parent":0,"menu_order":0,"comment_status":"closed","ping_status":"closed","template":"","meta":{"_et_pb_use_builder":"on","_et_pb_old_content":"","_et_gb_content_width":"","footnotes":""},"class_list":["post-2310","page","type-page","status-publish","hentry"],"yoast_head":"<!-- This site is optimized with the Yoast SEO Premium plugin v26.8 (Yoast SEO v26.8) - https:\/\/yoast.com\/product\/yoast-seo-premium-wordpress\/ -->\n<title>Om mig - Svea Timander<\/title>\n<meta name=\"robots\" content=\"index, follow, max-snippet:-1, max-image-preview:large, max-video-preview:-1\" \/>\n<link rel=\"canonical\" href=\"https:\/\/timander.de\/sv\/om-mig\/\" \/>\n<meta property=\"og:locale\" content=\"sv_SE\" \/>\n<meta property=\"og:type\" content=\"article\" \/>\n<meta property=\"og:title\" content=\"Om mig\" \/>\n<meta property=\"og:description\" content=\"Om MigJag \u00e4r utbildad sk\u00e5despelerska och verksam inom film, TV samt teater. Som sk\u00e5despelare \u00e4r jag intresserad av hur saker st\u00e4ndigt f\u00f6r\u00e4ndras och utvecklas till n\u00e5got nytt. Det finns tekniker som man kan anv\u00e4nda f\u00f6r att f\u00f6rbli \u00f6ppen, och dem har jag l\u00e4rt mig under min intensiva sk\u00e5despelarutbildning vid Max Reinhardt Seminar i Wien, \u00d6sterrike. [&hellip;]\" \/>\n<meta property=\"og:url\" content=\"https:\/\/timander.de\/sv\/om-mig\/\" \/>\n<meta property=\"og:site_name\" content=\"Svea Timander\" \/>\n<meta property=\"article:modified_time\" content=\"2022-02-16T08:17:09+00:00\" \/>\n<meta name=\"twitter:card\" content=\"summary_large_image\" \/>\n<script type=\"application\/ld+json\" class=\"yoast-schema-graph\">{\"@context\":\"https:\/\/schema.org\",\"@graph\":[{\"@type\":\"WebPage\",\"@id\":\"https:\/\/timander.de\/sv\/om-mig\/\",\"url\":\"https:\/\/timander.de\/sv\/om-mig\/\",\"name\":\"Om mig - Svea Timander\",\"isPartOf\":{\"@id\":\"https:\/\/timander.de\/#website\"},\"datePublished\":\"2022-01-14T09:53:12+00:00\",\"dateModified\":\"2022-02-16T08:17:09+00:00\",\"breadcrumb\":{\"@id\":\"https:\/\/timander.de\/sv\/om-mig\/#breadcrumb\"},\"inLanguage\":\"sv-SE\",\"potentialAction\":[{\"@type\":\"ReadAction\",\"target\":[\"https:\/\/timander.de\/sv\/om-mig\/\"]}]},{\"@type\":\"BreadcrumbList\",\"@id\":\"https:\/\/timander.de\/sv\/om-mig\/#breadcrumb\",\"itemListElement\":[{\"@type\":\"ListItem\",\"position\":1,\"name\":\"Startseite\",\"item\":\"https:\/\/timander.de\/sv\/\"},{\"@type\":\"ListItem\",\"position\":2,\"name\":\"Om mig\"}]},{\"@type\":\"WebSite\",\"@id\":\"https:\/\/timander.de\/#website\",\"url\":\"https:\/\/timander.de\/\",\"name\":\"Svea Timander\",\"description\":\"Digitalisierung hei\u00dft F\u00fchrungskompetenzerweiterung\",\"publisher\":{\"@id\":\"https:\/\/timander.de\/#\/schema\/person\/b34f98d8cf04d9a75a3182b59d8c4d3d\"},\"potentialAction\":[{\"@type\":\"SearchAction\",\"target\":{\"@type\":\"EntryPoint\",\"urlTemplate\":\"https:\/\/timander.de\/?s={search_term_string}\"},\"query-input\":{\"@type\":\"PropertyValueSpecification\",\"valueRequired\":true,\"valueName\":\"search_term_string\"}}],\"inLanguage\":\"sv-SE\"},{\"@type\":[\"Person\",\"Organization\"],\"@id\":\"https:\/\/timander.de\/#\/schema\/person\/b34f98d8cf04d9a75a3182b59d8c4d3d\",\"name\":\"Svea Timander\",\"image\":{\"@type\":\"ImageObject\",\"inLanguage\":\"sv-SE\",\"@id\":\"https:\/\/timander.de\/#\/schema\/person\/image\/\",\"url\":\"https:\/\/secure.gravatar.com\/avatar\/f819e28489c4d92b854073bb5fa9aab3?s=96&d=mm&r=g\",\"contentUrl\":\"https:\/\/secure.gravatar.com\/avatar\/f819e28489c4d92b854073bb5fa9aab3?s=96&d=mm&r=g\",\"caption\":\"Svea Timander\"},\"logo\":{\"@id\":\"https:\/\/timander.de\/#\/schema\/person\/image\/\"},\"sameAs\":[\"https:\/\/timander.de\"]}]}<\/script>\n<!-- \/ Yoast SEO Premium plugin. -->","yoast_head_json":{"title":"Om mig - Svea Timander","robots":{"index":"index","follow":"follow","max-snippet":"max-snippet:-1","max-image-preview":"max-image-preview:large","max-video-preview":"max-video-preview:-1"},"canonical":"https:\/\/timander.de\/sv\/om-mig\/","og_locale":"sv_SE","og_type":"article","og_title":"Om mig","og_description":"Om MigJag \u00e4r utbildad sk\u00e5despelerska och verksam inom film, TV samt teater. Som sk\u00e5despelare \u00e4r jag intresserad av hur saker st\u00e4ndigt f\u00f6r\u00e4ndras och utvecklas till n\u00e5got nytt. Det finns tekniker som man kan anv\u00e4nda f\u00f6r att f\u00f6rbli \u00f6ppen, och dem har jag l\u00e4rt mig under min intensiva sk\u00e5despelarutbildning vid Max Reinhardt Seminar i Wien, \u00d6sterrike. [&hellip;]","og_url":"https:\/\/timander.de\/sv\/om-mig\/","og_site_name":"Svea Timander","article_modified_time":"2022-02-16T08:17:09+00:00","twitter_card":"summary_large_image","schema":{"@context":"https:\/\/schema.org","@graph":[{"@type":"WebPage","@id":"https:\/\/timander.de\/sv\/om-mig\/","url":"https:\/\/timander.de\/sv\/om-mig\/","name":"Om mig - Svea Timander","isPartOf":{"@id":"https:\/\/timander.de\/#website"},"datePublished":"2022-01-14T09:53:12+00:00","dateModified":"2022-02-16T08:17:09+00:00","breadcrumb":{"@id":"https:\/\/timander.de\/sv\/om-mig\/#breadcrumb"},"inLanguage":"sv-SE","potentialAction":[{"@type":"ReadAction","target":["https:\/\/timander.de\/sv\/om-mig\/"]}]},{"@type":"BreadcrumbList","@id":"https:\/\/timander.de\/sv\/om-mig\/#breadcrumb","itemListElement":[{"@type":"ListItem","position":1,"name":"Startseite","item":"https:\/\/timander.de\/sv\/"},{"@type":"ListItem","position":2,"name":"Om mig"}]},{"@type":"WebSite","@id":"https:\/\/timander.de\/#website","url":"https:\/\/timander.de\/","name":"Svea Timander","description":"Digitalisierung hei\u00dft F\u00fchrungskompetenzerweiterung","publisher":{"@id":"https:\/\/timander.de\/#\/schema\/person\/b34f98d8cf04d9a75a3182b59d8c4d3d"},"potentialAction":[{"@type":"SearchAction","target":{"@type":"EntryPoint","urlTemplate":"https:\/\/timander.de\/?s={search_term_string}"},"query-input":{"@type":"PropertyValueSpecification","valueRequired":true,"valueName":"search_term_string"}}],"inLanguage":"sv-SE"},{"@type":["Person","Organization"],"@id":"https:\/\/timander.de\/#\/schema\/person\/b34f98d8cf04d9a75a3182b59d8c4d3d","name":"Svea Timander","image":{"@type":"ImageObject","inLanguage":"sv-SE","@id":"https:\/\/timander.de\/#\/schema\/person\/image\/","url":"https:\/\/secure.gravatar.com\/avatar\/f819e28489c4d92b854073bb5fa9aab3?s=96&d=mm&r=g","contentUrl":"https:\/\/secure.gravatar.com\/avatar\/f819e28489c4d92b854073bb5fa9aab3?s=96&d=mm&r=g","caption":"Svea Timander"},"logo":{"@id":"https:\/\/timander.de\/#\/schema\/person\/image\/"},"sameAs":["https:\/\/timander.de"]}]}},"_links":{"self":[{"href":"https:\/\/timander.de\/sv\/wp-json\/wp\/v2\/pages\/2310","targetHints":{"allow":["GET"]}}],"collection":[{"href":"https:\/\/timander.de\/sv\/wp-json\/wp\/v2\/pages"}],"about":[{"href":"https:\/\/timander.de\/sv\/wp-json\/wp\/v2\/types\/page"}],"author":[{"embeddable":true,"href":"https:\/\/timander.de\/sv\/wp-json\/wp\/v2\/users\/6"}],"replies":[{"embeddable":true,"href":"https:\/\/timander.de\/sv\/wp-json\/wp\/v2\/comments?post=2310"}],"version-history":[{"count":2,"href":"https:\/\/timander.de\/sv\/wp-json\/wp\/v2\/pages\/2310\/revisions"}],"predecessor-version":[{"id":2312,"href":"https:\/\/timander.de\/sv\/wp-json\/wp\/v2\/pages\/2310\/revisions\/2312"}],"wp:attachment":[{"href":"https:\/\/timander.de\/sv\/wp-json\/wp\/v2\/media?parent=2310"}],"curies":[{"name":"wp","href":"https:\/\/api.w.org\/{rel}","templated":true}]}}