{"id":2320,"date":"2022-01-14T11:00:02","date_gmt":"2022-01-14T10:00:02","guid":{"rendered":"https:\/\/timander.de\/?page_id=2320"},"modified":"2022-02-16T09:19:51","modified_gmt":"2022-02-16T08:19:51","slug":"faq","status":"publish","type":"page","link":"https:\/\/timander.de\/sv\/faq\/","title":{"rendered":"FAQ"},"content":{"rendered":"\n[et_pb_section fb_built=&#8221;1&#8243; fullwidth=&#8221;on&#8221; _builder_version=&#8221;4.4.1&#8243; min_height_tablet=&#8221;&#8221; min_height_phone=&#8221;100px&#8221; min_height_last_edited=&#8221;on|desktop&#8221; height_tablet=&#8221;&#8221; height_phone=&#8221;1000px&#8221; height_last_edited=&#8221;on|desktop&#8221; max_height_tablet=&#8221;&#8221; max_height_phone=&#8221;325px&#8221; max_height_last_edited=&#8221;on|phone&#8221; global_colors_info=&#8221;{}&#8221;][et_pb_fullwidth_image title_text=&#8221;Timander-Fu\u0308hrungskra\u0308fteseminare-Berlin-Wald-nachhaltig&#8221; _builder_version=&#8221;4.4.8&#8243; background_image=&#8221;https:\/\/timander.de\/wp-content\/uploads\/2020\/07\/Timander-Fu\u0308hrungskra\u0308fteseminare-Berlin-Wald-nachhaltig.jpg&#8221; background_position=&#8221;top_center&#8221; min_height=&#8221;400px&#8221; height=&#8221;900px&#8221; custom_margin=&#8221;-2px|||||&#8221; custom_padding=&#8221;0px|||||&#8221; global_colors_info=&#8221;{}&#8221;][\/et_pb_fullwidth_image][\/et_pb_section][et_pb_section fb_built=&#8221;1&#8243; _builder_version=&#8221;4.4.1&#8243; background_color=&#8221;rgba(0,0,0,0)&#8221; use_background_color_gradient=&#8221;on&#8221; background_color_gradient_start=&#8221;#ffffff&#8221; background_color_gradient_end=&#8221;#ffffff&#8221; background_color_gradient_type=&#8221;radial&#8221; background_color_gradient_start_position=&#8221;1%&#8221; custom_margin=&#8221;0px||-2px|||&#8221; custom_padding=&#8221;5px||6px|||&#8221; global_colors_info=&#8221;{}&#8221;][et_pb_row column_structure=&#8221;1_2,1_2&#8243; _builder_version=&#8221;3.25.4&#8243; min_height=&#8221;296px&#8221; custom_margin=&#8221;-1px|auto||auto||&#8221; custom_padding=&#8221;66px||2px|||&#8221; global_colors_info=&#8221;{}&#8221;][et_pb_column type=&#8221;1_2&#8243; _builder_version=&#8221;3.25.4&#8243; global_colors_info=&#8221;{}&#8221;][et_pb_text _builder_version=&#8221;4.11.4&#8243; header_font=&#8221;Lato|700|||||||&#8221; header_text_align=&#8221;right&#8221; header_text_color=&#8221;#125f1d&#8221; custom_padding=&#8221;28px||0px|||&#8221; global_colors_info=&#8221;{}&#8221;]<h2 style=\"text-align: right;\">FR\u00c5GOR OCH SVAR<\/h2>[\/et_pb_text][\/et_pb_column][et_pb_column type=&#8221;1_2&#8243; _builder_version=&#8221;3.25.4&#8243; global_colors_info=&#8221;{}&#8221;][et_pb_text _builder_version=&#8221;4.11.4&#8243; text_font=&#8221;Lato||||||||&#8221; header_font=&#8221;Lato|700||on|||||&#8221; header_2_font=&#8221;Lato|300||on|||||&#8221; header_2_font_size=&#8221;28px&#8221; header_3_font=&#8221;Lato|300||on|||||&#8221; header_3_font_size=&#8221;28px&#8221; width=&#8221;100%&#8221; custom_padding=&#8221;5px|||||&#8221; global_colors_info=&#8221;{}&#8221;]<h2>VANLIGA FR\u00c5GOR<\/h2>[\/et_pb_text][et_pb_text _builder_version=&#8221;4.4.1&#8243; text_font=&#8221;Lato|300|||||||&#8221; text_text_color=&#8221;#000000&#8243; text_font_size=&#8221;19px&#8221; custom_margin=&#8221;0px|||||&#8221; global_colors_info=&#8221;{}&#8221;]<p>Det \u00e4r ovanligt att coachning arrangeras i det fria. H\u00e4r hittar du de viktigaste svaren p\u00e5 fr\u00e5gor som brukar \u00e5terkomma.<\/p>[\/et_pb_text][\/et_pb_column][\/et_pb_row][et_pb_row _builder_version=&#8221;4.4.1&#8243; width_tablet=&#8221;&#8221; width_phone=&#8221;&#8221; width_last_edited=&#8221;on|desktop&#8221; custom_padding=&#8221;||35px|||&#8221; global_colors_info=&#8221;{}&#8221;][et_pb_column type=&#8221;4_4&#8243; _builder_version=&#8221;4.4.1&#8243; global_colors_info=&#8221;{}&#8221;][et_pb_accordion custom_margin=&#8221;0px||-30px||false|false&#8221; border_width_all=&#8221;0px&#8221; toggle_font_last_edited=&#8221;on|phone&#8221; toggle_font_size=&#8221;16px&#8221; closed_toggle_line_height=&#8221;1.7em&#8221; closed_toggle_line_height_tablet=&#8221;1.7em&#8221; closed_toggle_line_height_phone=&#8221;1.7em&#8221; closed_toggle_line_height_last_edited=&#8221;on|tablet&#8221; min_height_last_edited=&#8221;on|tablet&#8221; _builder_version=&#8221;4.14.2&#8243; toggle_line_height=&#8221;1.5em&#8221; closed_toggle_font_size=&#8221;19px&#8221; body_font=&#8221;Lato|300|||||||&#8221; min_height_tablet=&#8221;&#8221; min_height_phone=&#8221;&#8221; max_height=&#8221;1000px&#8221; max_height_tablet=&#8221;982px&#8221; max_height_phone=&#8221;&#8221; max_height_last_edited=&#8221;on|phone&#8221; custom_padding=&#8221;0px||||false|false&#8221; toggle_font_tablet=&#8221;Lato||||||||&#8221; toggle_font_phone=&#8221;Lato||||||||&#8221; closed_toggle_font_tablet=&#8221;&#8221; closed_toggle_font_phone=&#8221;&#8221; closed_toggle_font_last_edited=&#8221;on|phone&#8221; body_font_size_tablet=&#8221;&#8221; body_font_size_phone=&#8221;&#8221; body_font_size_last_edited=&#8221;on|desktop&#8221; global_colors_info=&#8221;{}&#8221;][et_pb_accordion_item title=&#8221;Vad h\u00e4nder om det regnar den dag d\u00e5 workshopen ska h\u00e5llas i skogen?&#8221; open=&#8221;on&#8221; _builder_version=&#8221;4.4.1&#8243; body_font_tablet=&#8221;&#8221; body_font_phone=&#8221;&#8221; body_font_last_edited=&#8221;on|phone&#8221; global_colors_info=&#8221;{}&#8221; toggle_font_size=&#8221;19px&#8221;]<p>Jag skiljer mellan l\u00e4tt regn och h\u00e4ftigt regn. Regnar det l\u00e4tt kommer chefscoachningen att \u00e4ga rum i skogen \u2013 vi kan vara under presenningar eller i vindskydd. Jag rekommenderar att du tar med en regnjacka. Om det regnar h\u00e4ftigt kontaktar jag dig p\u00e5 morgonen och meddelar vilken ny tid som g\u00e4ller.<\/p>[\/et_pb_accordion_item][et_pb_accordion_item title=&#8221;M\u00e5ste jag f\u00f6rbereda mig inf\u00f6r den individuella coachningen eller gruppcoachningen?&#8221; _builder_version=&#8221;4.4.1&#8243; body_font_tablet=&#8221;&#8221; body_font_phone=&#8221;&#8221; body_font_last_edited=&#8221;on|phone&#8221; global_colors_info=&#8221;{}&#8221; toggle_font_size=&#8221;19px&#8221; open=&#8221;off&#8221;]<p>Du beh\u00f6ver inte f\u00f6rbereda dig. Jag rekommenderar dock att du anl\u00e4nder nyfiken och med ett \u00f6ppet sinne. D\u00e5 kan du ta till dig mer, f\u00e5 ut mer av evenemanget och utveckla din kompetens i st\u00f6rre omfattning.<\/p>[\/et_pb_accordion_item][et_pb_accordion_item title=&#8221;Hur vet jag vilken typ av coachning som \u00e4r r\u00e4tt f\u00f6r mig?&#8221; _builder_version=&#8221;4.4.1&#8243; body_font_tablet=&#8221;&#8221; body_font_phone=&#8221;&#8221; body_font_last_edited=&#8221;on|phone&#8221; global_colors_info=&#8221;{}&#8221; toggle_font_size=&#8221;19px&#8221; open=&#8221;off&#8221;]<p>Ring mig g\u00e4rna om du vill ha r\u00e5d. De tv\u00e5 erbjudanden som \u00e4ger rum i Tyskland skiljer sig n\u00e5got \u00e5t:<br \/>Under mina workshops och den individuella coachningen p\u00e5 temat \u201dVarsebli \u2013 uppt\u00e4cka \u2013 omv\u00e4rdera\u201d fokuserar vi p\u00e5 att du ska kunna se dig sj\u00e4lv och ditt arbetsomr\u00e5de inom f\u00f6retaget med nya \u00f6gon, och d\u00e4rmed f\u00e5 en ny inst\u00e4llning, s\u00e5 att du med ny kraft ska kunna fungera b\u00e4ttre igen och skrida till verket med nya visioner och id\u00e9er. Man kan kalla det en \u201drenovering\u201d av sig sj\u00e4lv.<br \/>Den individuella coachningen p\u00e5 temat \u201dL\u00e4mna ekorrhjulet\u201d handlar om att utvecklas som privatperson, vilket naturligtvis \u00e4ven inneb\u00e4r att man f\u00f6rb\u00e4ttrar sin kompetens som ledare. Under denna individuella coachning l\u00f6ser vi upp\/transformerar gamla antaganden, m\u00f6nster och beteendestrukturer som utg\u00f6r hinder f\u00f6r dig. Detta \u00e4r viktigt om du hela tiden r\u00e5kar p\u00e5 samma utmaningar, sv\u00e5righeter och hinder i privat- och i arbetslivet.<\/p>[\/et_pb_accordion_item][et_pb_accordion_item title=&#8221;Hur skiljer detta sig fr\u00e5n skogsbad?&#8221; _builder_version=&#8221;4.14.2&#8243; _module_preset=&#8221;default&#8221; global_colors_info=&#8221;{}&#8221; open=&#8221;off&#8221;]<p><span>Jag utf\u00f6r coachning i skogen p\u00e5 samma s\u00e4tt som andra g\u00f6r det i inomhuslokaler. Men skogen hj\u00e4lper mina klienter att \u201dkoppla ner\u201d i \u00e4nnu h\u00f6gre utstr\u00e4ckning, att koncentrera sig p\u00e5 nuet och v\u00e5ga sig p\u00e5 nya erfarenheter helt p\u00e5 egen hand. Att l\u00e4ra k\u00e4nna sig sj\u00e4lv p\u00e5 nytt, uppt\u00e4cka var ens egna kraftk\u00e4llor finns och hur man kan anv\u00e4nda dem i vardagen. Detta \u00e5stadkommer man enklare i en milj\u00f6 som i sig \u00e4r fylld av kraft, n\u00e4mligen skogen. Skogen sk\u00e4nker oss dessutom ro, och skogsbadet f\u00e5r du p\u00e5 k\u00f6pet.<\/span><\/p>[\/et_pb_accordion_item][\/et_pb_accordion][\/et_pb_column][\/et_pb_row][et_pb_row column_structure=&#8221;1_2,1_2&#8243; _builder_version=&#8221;4.4.1&#8243; custom_margin=&#8221;40px||0px||false|false&#8221; custom_margin_tablet=&#8221;20px||||false|false&#8221; custom_margin_phone=&#8221;&#8221; custom_margin_last_edited=&#8221;on|phone&#8221; custom_padding=&#8221;0px||||false|false&#8221; global_colors_info=&#8221;{}&#8221;][et_pb_column type=&#8221;1_2&#8243; _builder_version=&#8221;4.4.1&#8243; global_colors_info=&#8221;{}&#8221;][\/et_pb_column][et_pb_column type=&#8221;1_2&#8243; _builder_version=&#8221;4.4.1&#8243; global_colors_info=&#8221;{}&#8221;][et_pb_text _builder_version=&#8221;4.14.2&#8243; text_font=&#8221;Lato|600|||||||&#8221; text_text_color=&#8221;#125f1d&#8221; text_orientation=&#8221;center&#8221; min_height=&#8221;30px&#8221; custom_padding=&#8221;3px|3px|3px|3px|true|true&#8221; link_option_url=&#8221;&#x6d;&#x61;&#x69;&#x6c;&#x74;&#x6f;&#58;&#105;&#110;&#102;o&#64;ti&#x6d;&#x61;&#x6e;&#x64;&#x65;&#x72;&#46;&#100;&#101;&#8221; border_radii=&#8221;on|3px|3px|3px|3px&#8221; border_width_all=&#8221;2px&#8221; border_color_all=&#8221;#125f1d&#8221; saved_tabs=&#8221;all&#8221; global_colors_info=&#8221;{}&#8221;]<p><span>Beh\u00f6ver du mer information? Skriv till mig.<\/span><\/p>[\/et_pb_text][\/et_pb_column][\/et_pb_row][\/et_pb_section][et_pb_section fb_built=&#8221;1&#8243; _builder_version=&#8221;4.4.8&#8243; background_image=&#8221;https:\/\/timander.de\/wp-content\/uploads\/2020\/07\/Timander-Skills-Waldbaden-neuer-Fuehrungsstil-Berlin.jpg&#8221; min_height=&#8221;400px&#8221; height=&#8221;900px&#8221; custom_margin=&#8221;1px|||||&#8221; custom_padding=&#8221;8px||767px|||&#8221; global_colors_info=&#8221;{}&#8221;][\/et_pb_section]\n","protected":false},"excerpt":{"rendered":"<p>FR\u00c5GOR OCH SVARVANLIGA FR\u00c5GORDet \u00e4r ovanligt att coachning arrangeras i det fria. H\u00e4r hittar du de viktigaste svaren p\u00e5 fr\u00e5gor som brukar \u00e5terkomma.Jag skiljer mellan l\u00e4tt regn och h\u00e4ftigt regn. Regnar det l\u00e4tt kommer chefscoachningen att \u00e4ga rum i skogen \u2013 vi kan vara under presenningar eller i vindskydd. Jag rekommenderar att du tar med [&hellip;]<\/p>\n","protected":false},"author":6,"featured_media":0,"parent":0,"menu_order":0,"comment_status":"closed","ping_status":"closed","template":"","meta":{"_et_pb_use_builder":"on","_et_pb_old_content":"","_et_gb_content_width":"","footnotes":""},"class_list":["post-2320","page","type-page","status-publish","hentry"],"yoast_head":"<!-- This site is optimized with the Yoast SEO Premium plugin v26.8 (Yoast SEO v26.8) - https:\/\/yoast.com\/product\/yoast-seo-premium-wordpress\/ -->\n<title>FAQ - Svea Timander<\/title>\n<meta name=\"robots\" content=\"index, follow, max-snippet:-1, max-image-preview:large, max-video-preview:-1\" \/>\n<link rel=\"canonical\" href=\"https:\/\/timander.de\/sv\/faq\/\" \/>\n<meta property=\"og:locale\" content=\"sv_SE\" \/>\n<meta property=\"og:type\" content=\"article\" \/>\n<meta property=\"og:title\" content=\"FAQ\" \/>\n<meta property=\"og:description\" content=\"FR\u00c5GOR OCH SVARVANLIGA FR\u00c5GORDet \u00e4r ovanligt att coachning arrangeras i det fria. H\u00e4r hittar du de viktigaste svaren p\u00e5 fr\u00e5gor som brukar \u00e5terkomma.Jag skiljer mellan l\u00e4tt regn och h\u00e4ftigt regn. Regnar det l\u00e4tt kommer chefscoachningen att \u00e4ga rum i skogen \u2013 vi kan vara under presenningar eller i vindskydd. Jag rekommenderar att du tar med [&hellip;]\" \/>\n<meta property=\"og:url\" content=\"https:\/\/timander.de\/sv\/faq\/\" \/>\n<meta property=\"og:site_name\" content=\"Svea Timander\" \/>\n<meta property=\"article:modified_time\" content=\"2022-02-16T08:19:51+00:00\" \/>\n<meta name=\"twitter:card\" content=\"summary_large_image\" \/>\n<meta name=\"twitter:label1\" content=\"Ber\u00e4knad l\u00e4stid\" \/>\n\t<meta name=\"twitter:data1\" content=\"4 minuter\" \/>\n<script type=\"application\/ld+json\" class=\"yoast-schema-graph\">{\"@context\":\"https:\/\/schema.org\",\"@graph\":[{\"@type\":\"WebPage\",\"@id\":\"https:\/\/timander.de\/sv\/faq\/\",\"url\":\"https:\/\/timander.de\/sv\/faq\/\",\"name\":\"FAQ - Svea Timander\",\"isPartOf\":{\"@id\":\"https:\/\/timander.de\/#website\"},\"datePublished\":\"2022-01-14T10:00:02+00:00\",\"dateModified\":\"2022-02-16T08:19:51+00:00\",\"breadcrumb\":{\"@id\":\"https:\/\/timander.de\/sv\/faq\/#breadcrumb\"},\"inLanguage\":\"sv-SE\",\"potentialAction\":[{\"@type\":\"ReadAction\",\"target\":[\"https:\/\/timander.de\/sv\/faq\/\"]}]},{\"@type\":\"BreadcrumbList\",\"@id\":\"https:\/\/timander.de\/sv\/faq\/#breadcrumb\",\"itemListElement\":[{\"@type\":\"ListItem\",\"position\":1,\"name\":\"Startseite\",\"item\":\"https:\/\/timander.de\/sv\/\"},{\"@type\":\"ListItem\",\"position\":2,\"name\":\"FAQ\"}]},{\"@type\":\"WebSite\",\"@id\":\"https:\/\/timander.de\/#website\",\"url\":\"https:\/\/timander.de\/\",\"name\":\"Svea Timander\",\"description\":\"Digitalisierung hei\u00dft F\u00fchrungskompetenzerweiterung\",\"publisher\":{\"@id\":\"https:\/\/timander.de\/#\/schema\/person\/b34f98d8cf04d9a75a3182b59d8c4d3d\"},\"potentialAction\":[{\"@type\":\"SearchAction\",\"target\":{\"@type\":\"EntryPoint\",\"urlTemplate\":\"https:\/\/timander.de\/?s={search_term_string}\"},\"query-input\":{\"@type\":\"PropertyValueSpecification\",\"valueRequired\":true,\"valueName\":\"search_term_string\"}}],\"inLanguage\":\"sv-SE\"},{\"@type\":[\"Person\",\"Organization\"],\"@id\":\"https:\/\/timander.de\/#\/schema\/person\/b34f98d8cf04d9a75a3182b59d8c4d3d\",\"name\":\"Svea Timander\",\"image\":{\"@type\":\"ImageObject\",\"inLanguage\":\"sv-SE\",\"@id\":\"https:\/\/timander.de\/#\/schema\/person\/image\/\",\"url\":\"https:\/\/secure.gravatar.com\/avatar\/f819e28489c4d92b854073bb5fa9aab3?s=96&d=mm&r=g\",\"contentUrl\":\"https:\/\/secure.gravatar.com\/avatar\/f819e28489c4d92b854073bb5fa9aab3?s=96&d=mm&r=g\",\"caption\":\"Svea Timander\"},\"logo\":{\"@id\":\"https:\/\/timander.de\/#\/schema\/person\/image\/\"},\"sameAs\":[\"https:\/\/timander.de\"]}]}<\/script>\n<!-- \/ Yoast SEO Premium plugin. -->","yoast_head_json":{"title":"FAQ - Svea Timander","robots":{"index":"index","follow":"follow","max-snippet":"max-snippet:-1","max-image-preview":"max-image-preview:large","max-video-preview":"max-video-preview:-1"},"canonical":"https:\/\/timander.de\/sv\/faq\/","og_locale":"sv_SE","og_type":"article","og_title":"FAQ","og_description":"FR\u00c5GOR OCH SVARVANLIGA FR\u00c5GORDet \u00e4r ovanligt att coachning arrangeras i det fria. H\u00e4r hittar du de viktigaste svaren p\u00e5 fr\u00e5gor som brukar \u00e5terkomma.Jag skiljer mellan l\u00e4tt regn och h\u00e4ftigt regn. Regnar det l\u00e4tt kommer chefscoachningen att \u00e4ga rum i skogen \u2013 vi kan vara under presenningar eller i vindskydd. Jag rekommenderar att du tar med [&hellip;]","og_url":"https:\/\/timander.de\/sv\/faq\/","og_site_name":"Svea Timander","article_modified_time":"2022-02-16T08:19:51+00:00","twitter_card":"summary_large_image","twitter_misc":{"Ber\u00e4knad l\u00e4stid":"4 minuter"},"schema":{"@context":"https:\/\/schema.org","@graph":[{"@type":"WebPage","@id":"https:\/\/timander.de\/sv\/faq\/","url":"https:\/\/timander.de\/sv\/faq\/","name":"FAQ - Svea Timander","isPartOf":{"@id":"https:\/\/timander.de\/#website"},"datePublished":"2022-01-14T10:00:02+00:00","dateModified":"2022-02-16T08:19:51+00:00","breadcrumb":{"@id":"https:\/\/timander.de\/sv\/faq\/#breadcrumb"},"inLanguage":"sv-SE","potentialAction":[{"@type":"ReadAction","target":["https:\/\/timander.de\/sv\/faq\/"]}]},{"@type":"BreadcrumbList","@id":"https:\/\/timander.de\/sv\/faq\/#breadcrumb","itemListElement":[{"@type":"ListItem","position":1,"name":"Startseite","item":"https:\/\/timander.de\/sv\/"},{"@type":"ListItem","position":2,"name":"FAQ"}]},{"@type":"WebSite","@id":"https:\/\/timander.de\/#website","url":"https:\/\/timander.de\/","name":"Svea Timander","description":"Digitalisierung hei\u00dft F\u00fchrungskompetenzerweiterung","publisher":{"@id":"https:\/\/timander.de\/#\/schema\/person\/b34f98d8cf04d9a75a3182b59d8c4d3d"},"potentialAction":[{"@type":"SearchAction","target":{"@type":"EntryPoint","urlTemplate":"https:\/\/timander.de\/?s={search_term_string}"},"query-input":{"@type":"PropertyValueSpecification","valueRequired":true,"valueName":"search_term_string"}}],"inLanguage":"sv-SE"},{"@type":["Person","Organization"],"@id":"https:\/\/timander.de\/#\/schema\/person\/b34f98d8cf04d9a75a3182b59d8c4d3d","name":"Svea Timander","image":{"@type":"ImageObject","inLanguage":"sv-SE","@id":"https:\/\/timander.de\/#\/schema\/person\/image\/","url":"https:\/\/secure.gravatar.com\/avatar\/f819e28489c4d92b854073bb5fa9aab3?s=96&d=mm&r=g","contentUrl":"https:\/\/secure.gravatar.com\/avatar\/f819e28489c4d92b854073bb5fa9aab3?s=96&d=mm&r=g","caption":"Svea Timander"},"logo":{"@id":"https:\/\/timander.de\/#\/schema\/person\/image\/"},"sameAs":["https:\/\/timander.de"]}]}},"_links":{"self":[{"href":"https:\/\/timander.de\/sv\/wp-json\/wp\/v2\/pages\/2320","targetHints":{"allow":["GET"]}}],"collection":[{"href":"https:\/\/timander.de\/sv\/wp-json\/wp\/v2\/pages"}],"about":[{"href":"https:\/\/timander.de\/sv\/wp-json\/wp\/v2\/types\/page"}],"author":[{"embeddable":true,"href":"https:\/\/timander.de\/sv\/wp-json\/wp\/v2\/users\/6"}],"replies":[{"embeddable":true,"href":"https:\/\/timander.de\/sv\/wp-json\/wp\/v2\/comments?post=2320"}],"version-history":[{"count":3,"href":"https:\/\/timander.de\/sv\/wp-json\/wp\/v2\/pages\/2320\/revisions"}],"predecessor-version":[{"id":2323,"href":"https:\/\/timander.de\/sv\/wp-json\/wp\/v2\/pages\/2320\/revisions\/2323"}],"wp:attachment":[{"href":"https:\/\/timander.de\/sv\/wp-json\/wp\/v2\/media?parent=2320"}],"curies":[{"name":"wp","href":"https:\/\/api.w.org\/{rel}","templated":true}]}}