{"id":2324,"date":"2022-01-14T11:05:29","date_gmt":"2022-01-14T10:05:29","guid":{"rendered":"https:\/\/timander.de\/?page_id=2324"},"modified":"2022-02-16T09:17:28","modified_gmt":"2022-02-16T08:17:28","slug":"utgivningsinformation","status":"publish","type":"page","link":"https:\/\/timander.de\/sv\/utgivningsinformation\/","title":{"rendered":"Utgivningsinformation"},"content":{"rendered":"<p>[et_pb_section fb_built=&#8221;1&#8243; fullwidth=&#8221;on&#8221; _builder_version=&#8221;4.3.4&#8243; global_colors_info=&#8221;{}&#8221;][et_pb_fullwidth_image alt=&#8221;timander-Wahrnehmung-neue-Wege-fu\u0308r-Fu\u0308hrungskra\u0308fte&#8221; title_text=&#8221;timander-Wahrnehmung-neue-Wege-fu\u0308r-Fu\u0308hrungskra\u0308fte&#8221; _builder_version=&#8221;4.4.8&#8243; background_image=&#8221;https:\/\/timander.de\/wp-content\/uploads\/2020\/11\/timander-Wahrnehmung-neue-Wege-fu\u0308r-Fu\u0308hrungskra\u0308fte.jpg&#8221; min_height=&#8221;400px&#8221; height=&#8221;900px&#8221; custom_margin=&#8221;-2px|||||&#8221; custom_padding=&#8221;0px|||||&#8221; global_colors_info=&#8221;{}&#8221;][\/et_pb_fullwidth_image][\/et_pb_section][et_pb_section fb_built=&#8221;1&#8243; _builder_version=&#8221;4.3.4&#8243; background_color=&#8221;rgba(0,0,0,0)&#8221; use_background_color_gradient=&#8221;on&#8221; background_color_gradient_start=&#8221;#ffffff&#8221; background_color_gradient_end=&#8221;#ffffff&#8221; background_color_gradient_type=&#8221;radial&#8221; background_color_gradient_start_position=&#8221;1%&#8221; min_height=&#8221;608px&#8221; custom_margin=&#8221;0px||-2px|||&#8221; custom_padding=&#8221;5px||6px|||&#8221; global_colors_info=&#8221;{}&#8221;][et_pb_row column_structure=&#8221;1_2,1_2&#8243; _builder_version=&#8221;4.3.4&#8243; custom_padding=&#8221;||3px|||&#8221; global_colors_info=&#8221;{}&#8221;][et_pb_column type=&#8221;1_2&#8243; _builder_version=&#8221;4.3.4&#8243; global_colors_info=&#8221;{}&#8221;][et_pb_text _builder_version=&#8221;4.3.4&#8243; text_font=&#8221;Lato|300|||||||&#8221; header_font=&#8221;Lato|700|||||||&#8221; header_text_align=&#8221;right&#8221; header_text_color=&#8221;#125f1d&#8221; min_height=&#8221;54px&#8221; custom_margin=&#8221;90px|||||&#8221; custom_padding=&#8221;3px|||||&#8221; global_colors_info=&#8221;{}&#8221;]<\/p>\n<h1><strong>Utgivningsinformation<\/strong><\/h1>\n<p><span><span class=\"Apple-converted-space\"><\/span><\/span><\/p>\n<p>[\/et_pb_text][\/et_pb_column][et_pb_column type=&#8221;1_2&#8243; _builder_version=&#8221;4.3.4&#8243; global_colors_info=&#8221;{}&#8221;][\/et_pb_column][\/et_pb_row][et_pb_row column_structure=&#8221;1_2,1_2&#8243; _builder_version=&#8221;4.4.8&#8243; custom_margin=&#8221;||60px||false|false&#8221; custom_padding=&#8221;40px||0px||false|false&#8221; border_color_bottom=&#8221;#125f1d&#8221; global_colors_info=&#8221;{}&#8221;][et_pb_column type=&#8221;1_2&#8243; _builder_version=&#8221;4.3.4&#8243; global_colors_info=&#8221;{}&#8221;][et_pb_text _builder_version=&#8221;4.14.2&#8243; text_font=&#8221;Lato||||||||&#8221; header_font=&#8221;Lato|300||on|||||&#8221; header_2_font=&#8221;Lato|300||on|||||&#8221; header_2_font_size=&#8221;28px&#8221; header_3_font=&#8221;Lato|300||on|||||&#8221; header_3_font_size=&#8221;28px&#8221; width=&#8221;100%&#8221; custom_margin=&#8221;0px||0px||false|false&#8221; custom_padding=&#8221;0px||0px|||&#8221; global_colors_info=&#8221;{}&#8221;]<\/p>\n<h3>ANSVARIG<\/h3>\n<p>[\/et_pb_text][et_pb_text _builder_version=&#8221;4.14.2&#8243; text_font=&#8221;Lato|300|||||||&#8221; text_text_color=&#8221;#000000&#8243; text_font_size=&#8221;19px&#8221; link_text_color=&#8221;#000000&#8243; min_height=&#8221;172px&#8221; custom_margin=&#8221;0px||60px|||&#8221; global_colors_info=&#8221;{}&#8221;]<\/p>\n<div class=\"et_pb_module et_pb_text et_pb_text_2  et_pb_text_align_left et_pb_bg_layout_light\">\n<div class=\"et_pb_text_inner\">\n<p>f\u00f6r denna webbplats inneh\u00e5ll och utformning \u00e4r<br \/><strong>Svea Timander<\/strong><br \/>Lisztallee 1A<br \/>14612 Falkensee<\/p>\n<p>E-mail: <a href=\"&#x6d;a&#x69;&#108;&#x74;&#111;:&#x69;&#110;&#x66;&#111;&#64;&#x74;&#105;&#x6d;&#97;n&#x64;e&#x72;&#46;&#x64;&#x65;\">i&#110;&#102;&#x6f;&#x40;&#x74;im&#97;&#110;&#x64;&#x65;&#x72;&#46;&#100;&#101;<\/a><br \/>Telefon: +49 30 98 42 77 81<\/p>\n<\/div>\n<\/div>\n<p>[\/et_pb_text][et_pb_text _builder_version=&#8221;4.3.4&#8243; text_font=&#8221;Lato||||||||&#8221; header_font=&#8221;Lato|300||on|||||&#8221; header_2_font=&#8221;Lato|300||on|||||&#8221; header_2_font_size=&#8221;28px&#8221; header_3_font=&#8221;Lato|300||on|||||&#8221; header_3_font_size=&#8221;28px&#8221; width=&#8221;100%&#8221; custom_margin=&#8221;||-2px|||&#8221; custom_padding=&#8221;0px||0px|||&#8221; global_colors_info=&#8221;{}&#8221;]<\/p>\n<h3>FotoN<\/h3>\n<p>[\/et_pb_text][et_pb_text _builder_version=&#8221;4.4.8&#8243; text_font=&#8221;Lato|300|||||||&#8221; text_text_color=&#8221;#000000&#8243; text_font_size=&#8221;19px&#8221; link_text_color=&#8221;#000000&#8243; custom_margin=&#8221;0px||60px|||&#8221; global_colors_info=&#8221;{}&#8221;]<\/p>\n<p><a href=\"http:\/\/fotografieannestolmar.de\" target=\"_blank\" rel=\"noopener noreferrer\">Upphovsr\u00e4tten till alla foton p\u00e5 denna webbplats tillh\u00f6r Svea Timander och visas inte vid varje enskilt foto. De togs av<strong> Anne Stolmar<\/strong><\/a>,\u00a0<strong>Nikolaus Karlinsky, Delphine Korth\u00a0<\/strong>och<a href=\"\/\/dasgrafik-buero.de\" target=\"_blank\" rel=\"noopener noreferrer\"><strong> Jana Schlosser<\/strong><\/a>.<\/p>\n<p>[\/et_pb_text][et_pb_text _builder_version=&#8221;4.3.4&#8243; text_font=&#8221;Lato||||||||&#8221; header_font=&#8221;Lato|300||on|||||&#8221; header_2_font=&#8221;Lato|300||on|||||&#8221; header_2_font_size=&#8221;28px&#8221; header_3_font=&#8221;Lato|300||on|||||&#8221; header_3_font_size=&#8221;28px&#8221; width=&#8221;100%&#8221; custom_margin=&#8221;||-2px|||&#8221; custom_padding=&#8221;0px||0px|||&#8221; global_colors_info=&#8221;{}&#8221;]<\/p>\n<h3>Design<\/h3>\n<p>[\/et_pb_text][et_pb_text _builder_version=&#8221;4.14.2&#8243; text_font=&#8221;Lato|300|||||||&#8221; text_text_color=&#8221;#000000&#8243; text_font_size=&#8221;19px&#8221; link_text_color=&#8221;#000000&#8243; custom_margin=&#8221;0px||60px|||&#8221; global_colors_info=&#8221;{}&#8221;]<\/p>\n<p>och genomf\u00f6rande av webbplatsen av <a href=\"\/\/dasgrafik-buero.de\" target=\"_blank\" rel=\"noopener noreferrer\"><strong>Das Grafik-B\u00fcro<\/strong><\/a> Berlin, med Divi fr\u00e5n Elegant Themes<\/p>\n<p>[\/et_pb_text][\/et_pb_column][et_pb_column type=&#8221;1_2&#8243; _builder_version=&#8221;4.3.4&#8243; global_colors_info=&#8221;{}&#8221;][et_pb_text _builder_version=&#8221;4.3.4&#8243; text_font=&#8221;Lato||||||||&#8221; header_font=&#8221;Lato|300||on|||||&#8221; header_2_font=&#8221;Lato|300||on|||||&#8221; header_2_font_size=&#8221;28px&#8221; header_3_font=&#8221;Lato|300||on|||||&#8221; header_3_font_size=&#8221;28px&#8221; width=&#8221;100%&#8221; custom_margin=&#8221;0px||0px||false|false&#8221; custom_padding=&#8221;0px||0px||false|false&#8221; global_colors_info=&#8221;{}&#8221;]<\/p>\n<h2>R\u00c4TTSLIGT MEDDELANDE<\/h2>\n<p>[\/et_pb_text][et_pb_text _builder_version=&#8221;4.3.4&#8243; text_font=&#8221;Lato|300|||||||&#8221; text_text_color=&#8221;#000000&#8243; text_font_size=&#8221;19px&#8221; link_font=&#8221;||||||||&#8221; link_text_color=&#8221;#000000&#8243; custom_margin=&#8221;0px||1px|||&#8221; global_colors_info=&#8221;{}&#8221;]<\/p>\n<p><strong>1. Varning om inneh\u00e5ll<br \/><\/strong>Det kostnadsfria och fritt tillg\u00e4ngliga inneh\u00e5llet p\u00e5 denna webbplats har skapats med st\u00f6rsta m\u00f6jliga omsorg. Leverant\u00f6ren av denna webbplats l\u00e4mnar dock inga garantier f\u00f6r att den tillhandah\u00e5llna kostnadsfria och fritt tillg\u00e4ngliga journalistiska r\u00e5dgivningen och nyheterna \u00e4r korrekta och aktuella. Bara genom att \u00f6ppna det kostnadsfria och fritt tillg\u00e4ngliga inneh\u00e5llet uppst\u00e5r inget avtalsf\u00f6rh\u00e5llande mellan anv\u00e4ndaren och leverant\u00f6ren. I det avseendet avser leverant\u00f6ren inte att ing\u00e5 ett r\u00e4ttsligt bindande f\u00f6rh\u00e5llande.<\/p>\n<p><strong>2. Externa l\u00e4nkar<br \/><\/strong>Denna webbplats inneh\u00e5ller l\u00e4nkar till tredje parts webbplatser (\u201dexterna l\u00e4nkar\u201d). Denna webbplats omfattas av ansvarsskyldighet f\u00f6r den som driver webbplatsen. N\u00e4r de externa l\u00e4nkarna f\u00f6rst lades upp granskade leverant\u00f6ren det fr\u00e4mmande inneh\u00e5llet betr\u00e4ffande eventuella lag\u00f6vertr\u00e4delser. Vid den tidpunkten framgick inga lag\u00f6vertr\u00e4delser. Leverant\u00f6ren har inte n\u00e5got inflytande p\u00e5 den aktuella och framtida utformningen och inneh\u00e5llet p\u00e5 de l\u00e4nkade webbplatserna. Att externa l\u00e4nkar skapas inneb\u00e4r inte att leverant\u00f6ren st\u00e5r f\u00f6r det inneh\u00e5ll som ligger bakom h\u00e4nvisningen eller l\u00e4nken. Det \u00e4r inte rimligt att leverant\u00f6ren st\u00e4ndigt ska kontrollera de externa l\u00e4nkarna utan konkreta indikationer p\u00e5 lag\u00f6vertr\u00e4delser. Vid k\u00e4nnedom om lag\u00f6vertr\u00e4delser raderas dock s\u00e5dana externa l\u00e4nkar omedelbart.<\/p>\n<p><strong>3. Upphovsr\u00e4tt och n\u00e4rst\u00e5ende r\u00e4ttigheter<br \/><\/strong>Det inneh\u00e5ll som publiceras p\u00e5 denna webbplats omfattas av den tyska upphovsr\u00e4tten och n\u00e4rst\u00e5ende r\u00e4ttigheter. Varje anv\u00e4ndning som inte \u00e4r till\u00e5ten enligt den tyska upphovsr\u00e4tten och n\u00e4rst\u00e5ende r\u00e4ttigheter kr\u00e4ver f\u00f6reg\u00e5ende skriftligt samtycke fr\u00e5n leverant\u00f6ren eller den aktuella r\u00e4ttsinnehavaren. Detta g\u00e4ller i synnerhet f\u00f6r kopiering, bearbetning, \u00f6vers\u00e4ttning, inmatning, behandling respektive \u00e5tergivning av inneh\u00e5ll i databaser eller andra elektroniska medier och system. Tredje parts inneh\u00e5ll och r\u00e4ttigheter m\u00e4rks som s\u00e5dant. Otill\u00e5ten kopiering eller \u00e5tergivning av enskilt inneh\u00e5ll eller kompletta sidor \u00e4r inte till\u00e5ten och straffbar. Endast tillverkning av kopior och nedladdningar f\u00f6r personligt, privat och icke-kommersiellt bruk \u00e4r till\u00e5ten.<\/p>\n<p>Visning av denna webbplats i externa ramar \u00e4r endast till\u00e5ten med skriftligt tillst\u00e5nd.<\/p>\n<p><strong>4. S\u00e4rskilda anv\u00e4ndningsvillkor<br \/><\/strong>I den m\u00e5n som s\u00e4rskilda villkor f\u00f6r enskild anv\u00e4ndning av denna webbplats avviker fr\u00e5n ovann\u00e4mnda punkter 1 till 4 anges detta uttryckligen p\u00e5 det aktuella st\u00e4llet.\u00a0\u00a0<\/p>\n<p><a href=\"\/\/www.juraforum.de\/disclaimer_muster\/\" target=\"_blank\" rel=\"noopener noreferrer\">K\u00e4lla: Ansvarsfriskrivningsmall fr\u00e5n JuraForum.de<\/a>.<\/p>\n<p>[\/et_pb_text][\/et_pb_column][\/et_pb_row][\/et_pb_section][et_pb_section fb_built=&#8221;1&#8243; _builder_version=&#8221;4.4.1&#8243; background_image=&#8221;https:\/\/timander.de\/wp-content\/uploads\/2020\/03\/F\u00fchrungskr\u00e4fte-angstfrei-Verantwortung-tragen.jpg&#8221; min_height=&#8221;400px&#8221; height=&#8221;900px&#8221; custom_margin=&#8221;1px|||||&#8221; custom_padding=&#8221;8px||767px|||&#8221; global_colors_info=&#8221;{}&#8221;][\/et_pb_section]<\/p>\n","protected":false},"excerpt":{"rendered":"<p>Utgivningsinformation ANSVARIG f\u00f6r denna webbplats inneh\u00e5ll och utformning \u00e4rSvea TimanderLisztallee 1A14612 Falkensee E-mail: &#x69;&#x6e;&#x66;&#x6f;&#x40;&#x74;&#x69;&#x6d;&#x61;&#x6e;&#x64;&#101;&#114;&#46;&#100;&#101;&#84;&#101;lefon: +49 30 98 42 77 81 FotoNUpphovsr\u00e4tten till alla foton p\u00e5 denna webbplats tillh\u00f6r Svea Timander och visas inte vid varje enskilt foto. De togs av Anne Stolmar,\u00a0Nikolaus Karlinsky, Delphine Korth\u00a0och Jana Schlosser.Designoch genomf\u00f6rande av webbplatsen av Das Grafik-B\u00fcro Berlin, med [&hellip;]<\/p>\n","protected":false},"author":6,"featured_media":0,"parent":0,"menu_order":0,"comment_status":"closed","ping_status":"closed","template":"","meta":{"_et_pb_use_builder":"on","_et_pb_old_content":"","_et_gb_content_width":"","footnotes":""},"class_list":["post-2324","page","type-page","status-publish","hentry"],"yoast_head":"<!-- This site is optimized with the Yoast SEO Premium plugin v26.8 (Yoast SEO v26.8) - https:\/\/yoast.com\/product\/yoast-seo-premium-wordpress\/ -->\n<title>Utgivningsinformation - Svea Timander<\/title>\n<meta name=\"robots\" content=\"noindex, nofollow\" \/>\n<meta property=\"og:locale\" content=\"sv_SE\" \/>\n<meta property=\"og:type\" content=\"article\" \/>\n<meta property=\"og:title\" content=\"Utgivningsinformation\" \/>\n<meta property=\"og:description\" content=\"Utgivningsinformation ANSVARIG f\u00f6r denna webbplats inneh\u00e5ll och utformning \u00e4rSvea TimanderLisztallee 1A14612 Falkensee E-mail: info@timander.deTelefon: +49 30 98 42 77 81 FotoNUpphovsr\u00e4tten till alla foton p\u00e5 denna webbplats tillh\u00f6r Svea Timander och visas inte vid varje enskilt foto. De togs av Anne Stolmar,\u00a0Nikolaus Karlinsky, Delphine Korth\u00a0och Jana Schlosser.Designoch genomf\u00f6rande av webbplatsen av Das Grafik-B\u00fcro Berlin, med [&hellip;]\" \/>\n<meta property=\"og:url\" content=\"https:\/\/timander.de\/sv\/utgivningsinformation\/\" \/>\n<meta property=\"og:site_name\" content=\"Svea Timander\" \/>\n<meta property=\"article:modified_time\" content=\"2022-02-16T08:17:28+00:00\" \/>\n<meta name=\"twitter:card\" content=\"summary_large_image\" \/>\n<script type=\"application\/ld+json\" class=\"yoast-schema-graph\">{\"@context\":\"https:\/\/schema.org\",\"@graph\":[{\"@type\":\"WebPage\",\"@id\":\"https:\/\/timander.de\/sv\/utgivningsinformation\/\",\"url\":\"https:\/\/timander.de\/sv\/utgivningsinformation\/\",\"name\":\"Utgivningsinformation - Svea Timander\",\"isPartOf\":{\"@id\":\"https:\/\/timander.de\/#website\"},\"datePublished\":\"2022-01-14T10:05:29+00:00\",\"dateModified\":\"2022-02-16T08:17:28+00:00\",\"breadcrumb\":{\"@id\":\"https:\/\/timander.de\/sv\/utgivningsinformation\/#breadcrumb\"},\"inLanguage\":\"sv-SE\",\"potentialAction\":[{\"@type\":\"ReadAction\",\"target\":[\"https:\/\/timander.de\/sv\/utgivningsinformation\/\"]}]},{\"@type\":\"BreadcrumbList\",\"@id\":\"https:\/\/timander.de\/sv\/utgivningsinformation\/#breadcrumb\",\"itemListElement\":[{\"@type\":\"ListItem\",\"position\":1,\"name\":\"Startseite\",\"item\":\"https:\/\/timander.de\/sv\/\"},{\"@type\":\"ListItem\",\"position\":2,\"name\":\"Utgivningsinformation\"}]},{\"@type\":\"WebSite\",\"@id\":\"https:\/\/timander.de\/#website\",\"url\":\"https:\/\/timander.de\/\",\"name\":\"Svea Timander\",\"description\":\"Digitalisierung hei\u00dft F\u00fchrungskompetenzerweiterung\",\"publisher\":{\"@id\":\"https:\/\/timander.de\/#\/schema\/person\/b34f98d8cf04d9a75a3182b59d8c4d3d\"},\"potentialAction\":[{\"@type\":\"SearchAction\",\"target\":{\"@type\":\"EntryPoint\",\"urlTemplate\":\"https:\/\/timander.de\/?s={search_term_string}\"},\"query-input\":{\"@type\":\"PropertyValueSpecification\",\"valueRequired\":true,\"valueName\":\"search_term_string\"}}],\"inLanguage\":\"sv-SE\"},{\"@type\":[\"Person\",\"Organization\"],\"@id\":\"https:\/\/timander.de\/#\/schema\/person\/b34f98d8cf04d9a75a3182b59d8c4d3d\",\"name\":\"Svea Timander\",\"image\":{\"@type\":\"ImageObject\",\"inLanguage\":\"sv-SE\",\"@id\":\"https:\/\/timander.de\/#\/schema\/person\/image\/\",\"url\":\"https:\/\/secure.gravatar.com\/avatar\/f819e28489c4d92b854073bb5fa9aab3?s=96&d=mm&r=g\",\"contentUrl\":\"https:\/\/secure.gravatar.com\/avatar\/f819e28489c4d92b854073bb5fa9aab3?s=96&d=mm&r=g\",\"caption\":\"Svea Timander\"},\"logo\":{\"@id\":\"https:\/\/timander.de\/#\/schema\/person\/image\/\"},\"sameAs\":[\"https:\/\/timander.de\"]}]}<\/script>\n<!-- \/ Yoast SEO Premium plugin. -->","yoast_head_json":{"title":"Utgivningsinformation - Svea Timander","robots":{"index":"noindex","follow":"nofollow"},"og_locale":"sv_SE","og_type":"article","og_title":"Utgivningsinformation","og_description":"Utgivningsinformation ANSVARIG f\u00f6r denna webbplats inneh\u00e5ll och utformning \u00e4rSvea TimanderLisztallee 1A14612 Falkensee E-mail: info@timander.deTelefon: +49 30 98 42 77 81 FotoNUpphovsr\u00e4tten till alla foton p\u00e5 denna webbplats tillh\u00f6r Svea Timander och visas inte vid varje enskilt foto. De togs av Anne Stolmar,\u00a0Nikolaus Karlinsky, Delphine Korth\u00a0och Jana Schlosser.Designoch genomf\u00f6rande av webbplatsen av Das Grafik-B\u00fcro Berlin, med [&hellip;]","og_url":"https:\/\/timander.de\/sv\/utgivningsinformation\/","og_site_name":"Svea Timander","article_modified_time":"2022-02-16T08:17:28+00:00","twitter_card":"summary_large_image","schema":{"@context":"https:\/\/schema.org","@graph":[{"@type":"WebPage","@id":"https:\/\/timander.de\/sv\/utgivningsinformation\/","url":"https:\/\/timander.de\/sv\/utgivningsinformation\/","name":"Utgivningsinformation - Svea Timander","isPartOf":{"@id":"https:\/\/timander.de\/#website"},"datePublished":"2022-01-14T10:05:29+00:00","dateModified":"2022-02-16T08:17:28+00:00","breadcrumb":{"@id":"https:\/\/timander.de\/sv\/utgivningsinformation\/#breadcrumb"},"inLanguage":"sv-SE","potentialAction":[{"@type":"ReadAction","target":["https:\/\/timander.de\/sv\/utgivningsinformation\/"]}]},{"@type":"BreadcrumbList","@id":"https:\/\/timander.de\/sv\/utgivningsinformation\/#breadcrumb","itemListElement":[{"@type":"ListItem","position":1,"name":"Startseite","item":"https:\/\/timander.de\/sv\/"},{"@type":"ListItem","position":2,"name":"Utgivningsinformation"}]},{"@type":"WebSite","@id":"https:\/\/timander.de\/#website","url":"https:\/\/timander.de\/","name":"Svea Timander","description":"Digitalisierung hei\u00dft F\u00fchrungskompetenzerweiterung","publisher":{"@id":"https:\/\/timander.de\/#\/schema\/person\/b34f98d8cf04d9a75a3182b59d8c4d3d"},"potentialAction":[{"@type":"SearchAction","target":{"@type":"EntryPoint","urlTemplate":"https:\/\/timander.de\/?s={search_term_string}"},"query-input":{"@type":"PropertyValueSpecification","valueRequired":true,"valueName":"search_term_string"}}],"inLanguage":"sv-SE"},{"@type":["Person","Organization"],"@id":"https:\/\/timander.de\/#\/schema\/person\/b34f98d8cf04d9a75a3182b59d8c4d3d","name":"Svea Timander","image":{"@type":"ImageObject","inLanguage":"sv-SE","@id":"https:\/\/timander.de\/#\/schema\/person\/image\/","url":"https:\/\/secure.gravatar.com\/avatar\/f819e28489c4d92b854073bb5fa9aab3?s=96&d=mm&r=g","contentUrl":"https:\/\/secure.gravatar.com\/avatar\/f819e28489c4d92b854073bb5fa9aab3?s=96&d=mm&r=g","caption":"Svea Timander"},"logo":{"@id":"https:\/\/timander.de\/#\/schema\/person\/image\/"},"sameAs":["https:\/\/timander.de"]}]}},"_links":{"self":[{"href":"https:\/\/timander.de\/sv\/wp-json\/wp\/v2\/pages\/2324","targetHints":{"allow":["GET"]}}],"collection":[{"href":"https:\/\/timander.de\/sv\/wp-json\/wp\/v2\/pages"}],"about":[{"href":"https:\/\/timander.de\/sv\/wp-json\/wp\/v2\/types\/page"}],"author":[{"embeddable":true,"href":"https:\/\/timander.de\/sv\/wp-json\/wp\/v2\/users\/6"}],"replies":[{"embeddable":true,"href":"https:\/\/timander.de\/sv\/wp-json\/wp\/v2\/comments?post=2324"}],"version-history":[{"count":2,"href":"https:\/\/timander.de\/sv\/wp-json\/wp\/v2\/pages\/2324\/revisions"}],"predecessor-version":[{"id":2326,"href":"https:\/\/timander.de\/sv\/wp-json\/wp\/v2\/pages\/2324\/revisions\/2326"}],"wp:attachment":[{"href":"https:\/\/timander.de\/sv\/wp-json\/wp\/v2\/media?parent=2324"}],"curies":[{"name":"wp","href":"https:\/\/api.w.org\/{rel}","templated":true}]}}