{"id":2327,"date":"2022-01-14T11:07:30","date_gmt":"2022-01-14T10:07:30","guid":{"rendered":"https:\/\/timander.de\/?page_id=2327"},"modified":"2022-02-16T10:49:19","modified_gmt":"2022-02-16T09:49:19","slug":"agb","status":"publish","type":"page","link":"https:\/\/timander.de\/sv\/agb\/","title":{"rendered":"AGB"},"content":{"rendered":"<p>[et_pb_section fb_built=&#8221;1&#8243; fullwidth=&#8221;on&#8221; _builder_version=&#8221;4.3.4&#8243; global_colors_info=&#8221;{}&#8221;][et_pb_fullwidth_image alt=&#8221;Svea Timander \u2013 wahrnehmen-entdecken-neu bewerten&#8221; title_text=&#8221;harmonisches-Arbeitsklima-neue-Wege&#8221; _builder_version=&#8221;4.4.8&#8243; background_image=&#8221;https:\/\/timander.de\/wp-content\/uploads\/2020\/03\/harmonisches-Arbeitsklima-neue-Wege-1.jpg&#8221; min_height=&#8221;400px&#8221; height=&#8221;900px&#8221; custom_margin=&#8221;-2px|||||&#8221; custom_padding=&#8221;0px|||||&#8221; global_colors_info=&#8221;{}&#8221;][\/et_pb_fullwidth_image][\/et_pb_section][et_pb_section fb_built=&#8221;1&#8243; _builder_version=&#8221;4.8.1&#8243; background_color=&#8221;rgba(0,0,0,0)&#8221; use_background_color_gradient=&#8221;on&#8221; background_color_gradient_start=&#8221;#ffffff&#8221; background_color_gradient_end=&#8221;#ffffff&#8221; background_color_gradient_type=&#8221;radial&#8221; background_color_gradient_start_position=&#8221;1%&#8221; min_height=&#8221;608px&#8221; custom_margin=&#8221;0px||-2px|||&#8221; custom_padding=&#8221;5px||6px|||&#8221; global_colors_info=&#8221;{}&#8221;][et_pb_row column_structure=&#8221;1_2,1_2&#8243; _builder_version=&#8221;4.3.4&#8243; custom_padding=&#8221;||3px|||&#8221; global_colors_info=&#8221;{}&#8221;][et_pb_column type=&#8221;1_2&#8243; _builder_version=&#8221;4.3.4&#8243; global_colors_info=&#8221;{}&#8221;][et_pb_text _builder_version=&#8221;4.3.4&#8243; text_font=&#8221;Lato|300|||||||&#8221; header_font=&#8221;Lato|700|||||||&#8221; header_text_align=&#8221;right&#8221; header_text_color=&#8221;#125f1d&#8221; min_height=&#8221;54px&#8221; custom_margin=&#8221;90px|||||&#8221; custom_padding=&#8221;3px|||||&#8221; global_colors_info=&#8221;{}&#8221;]<\/p>\n<h1><strong>ALLM\u00c4NNA VILLKOR<\/strong><\/h1>\n<p><span><span class=\"Apple-converted-space\"><\/span><\/span><\/p>\n<p>[\/et_pb_text][\/et_pb_column][et_pb_column type=&#8221;1_2&#8243; _builder_version=&#8221;4.3.4&#8243; global_colors_info=&#8221;{}&#8221;][\/et_pb_column][\/et_pb_row][et_pb_row column_structure=&#8221;1_2,1_2&#8243; _builder_version=&#8221;4.8.1&#8243; custom_margin=&#8221;||60px||false|false&#8221; custom_padding=&#8221;40px||0px||false|false&#8221; border_color_bottom=&#8221;#125f1d&#8221; global_colors_info=&#8221;{}&#8221;][et_pb_column type=&#8221;1_2&#8243; _builder_version=&#8221;4.3.4&#8243; global_colors_info=&#8221;{}&#8221;][et_pb_text _builder_version=&#8221;4.11.4&#8243; text_font=&#8221;Lato||||||||&#8221; header_font=&#8221;Lato|300||on|||||&#8221; header_2_font=&#8221;Lato|300||on|||||&#8221; header_2_font_size=&#8221;28px&#8221; header_3_font=&#8221;Lato|300||on|||||&#8221; header_3_font_size=&#8221;28px&#8221; width=&#8221;100%&#8221; custom_margin=&#8221;0px||0px||false|false&#8221; custom_padding=&#8221;0px||0px|||&#8221; global_colors_info=&#8221;{}&#8221;]<\/p>\n<h3>ALLM\u00c4NNA VILLKOR<\/h3>\n<p>[\/et_pb_text][et_pb_text _builder_version=&#8221;4.8.1&#8243; text_font=&#8221;Lato|300|||||||&#8221; text_text_color=&#8221;#000000&#8243; text_font_size=&#8221;19px&#8221; link_text_color=&#8221;#000000&#8243; custom_margin=&#8221;0px||60px|||&#8221; custom_padding=&#8221;0px||0px|8px||&#8221; global_colors_info=&#8221;{}&#8221;]<\/p>\n<p><span><b><\/b><\/span><\/p>\n<p><strong>\u00a7 1 Till\u00e4mpningsomr\u00e5de<\/strong><br \/>Nedanst\u00e5ende villkor g\u00e4ller f\u00f6r alla Svea Timanders erbjudanden och tj\u00e4nster, om inte n\u00e5got annat har avtalats skriftligen. Det handlar om seminarier, utbildningar, grupphandledningar och enskilda handledningar \u2013 nedan kallade \u201darrangemang\u201d. Genom att anm\u00e4la sig till ett av arrangemangen godk\u00e4nner deltagaren v\u00e5ra allm\u00e4nna villkor som bindande. De allm\u00e4nna villkor som \u00e4r publicerade p\u00e5 webbplatsen g\u00e4ller.<\/p>\n<p><strong>\u00a7 2 Anm\u00e4lningar och avtalets ing\u00e5ende<\/strong><br \/><strong><em>1. Allm\u00e4nt<\/em><\/strong><br \/>Kompletteringar och\/eller \u00e4ndringar av avtalet kr\u00e4ver skriftlig form. Genom att f\u00f6ra \u00f6ver den n\u00e4mnda handpenningen \u00e4r seminarieplatsen\/den enskilda handledningen bokad bindande. F\u00f6rem\u00e5l f\u00f6r avtalet \u00e4r den avtalade tj\u00e4nsten, inte ett specifikt resultat.<\/p>\n<p><strong><em>2. Arrangemang<\/em><\/strong><br \/>\u00d6ppna seminarier och enskild handledning<br \/>F\u00f6rfr\u00e5gningar och anm\u00e4lningar behandlas i den ordning de inkommer. Efter att en anm\u00e4lan har inkommit (per telefon, e-post, post) f\u00e5r deltagarna en bekr\u00e4ftelse p\u00e5 anm\u00e4lan med faktura. D\u00e4rmed har avtalet ing\u00e5tts och den avtalade betalningen f\u00f6rfaller. <br \/>F\u00f6retagsinterna seminarier och paketerbjudanden<br \/>F\u00f6r dessa seminarier skapar Svea Timander en skriftlig offert. N\u00e4r ordern tilldelas av uppdragsgivaren \u00e4r denna offert bindande f\u00f6r b\u00e5da sidor.<br \/>Vildmarksseminarium Sverige<br \/>Se \u201d\u00d6ppna seminarier och enskild handledning\u201d f\u00f6rutom punkten om handpenning. H\u00e4r ska hela seminarieavgiften betalas vid en bindande anm\u00e4lan.<\/p>\n<p><strong>\u00a7 3 Betalningsvillkor<\/strong><br \/>\u00d6ppet seminarium och enskild handledning<br \/>I och med anm\u00e4lan f\u00f6rfaller en handpenning p\u00e5 30 % till betalning och resterande belopp 4 veckor f\u00f6re seminariet\/den enskilda handledningen. Om en anm\u00e4lan sker inom 4 veckor f\u00f6re seminariet\/den enskilda handledningen, ska hela seminarieavgiften\/arvodet betalas vid anm\u00e4lan.<br \/>F\u00f6retagsseminarier<br \/>Vid bokning av seminariet faktureras en handpenning p\u00e5 30 % av det totala arvodet. Det resterande beloppet betalas direkt efter dagen f\u00f6r seminariet. Boende, resa och transfer f\u00f6r deltagarna ing\u00e5r principiellt inte i Svea Timanders arrangemangserbjudanden, utan ska organiseras av deltagarna sj\u00e4lva.<\/p>\n<p><strong>\u00a7 4 Avbokning<\/strong><br \/><strong><em>1. Allm\u00e4nt<\/em><\/strong><br \/>Avbokningar kr\u00e4ver skriftlig form och m\u00e5ste inkomma med post (postst\u00e4mpelns datum) eller e-post (avs\u00e4ndningsdatum) f\u00f6r dokumentation av efterlevnad av tidsfristen. Om en deltagare inte utnyttjar tj\u00e4nsterna eller delar d\u00e4rav, s\u00e5 finns det ingen r\u00e4tt till \u00e5terbetalning f\u00f6r den del som inte utnyttjats. \u00c4ndringar i seminarieschemat som inte \u00e4ndrar arrangemangets \u00f6vergripande karakt\u00e4r ger inte deltagarna r\u00e4tt till h\u00e4vning av avtalet eller s\u00e4nkning av fakturabeloppet.<\/p>\n<p><strong><em>2. Avbokning av uppdragsgivaren<\/em><\/strong><br \/>F\u00f6retagsseminarier och \u00f6ppna seminarier<br \/>Vid skriftliga avbokningar senast 3 veckor f\u00f6re seminariets b\u00f6rjan\/enskilda handledningar tar vi ut en avbokningsavgift p\u00e5 den betalda handpenningen respektive 30 % av arvodet. Vid senare avbokning faktureras hela det avtalade priset f\u00f6r seminariet\/den enskilda handledningen. En l\u00e4mplig ers\u00e4ttare kan ta deltagarens plats. <br \/>Vildmarksseminarium i Sverige<br \/>Vid skriftliga avbokningar senast 9 veckor f\u00f6re seminariets b\u00f6rjan tar vi ut en avbokningsavgift p\u00e5 50 % av det betalade totala arvodet. Vid senare avbokning faktureras hela det avtalade priset f\u00f6r seminariet. En l\u00e4mplig ers\u00e4ttare kan ta deltagarens plats.<\/p>\n<p>[\/et_pb_text][\/et_pb_column][et_pb_column type=&#8221;1_2&#8243; _builder_version=&#8221;4.3.4&#8243; global_colors_info=&#8221;{}&#8221;][et_pb_text _builder_version=&#8221;4.8.1&#8243; text_font=&#8221;Lato|300|||||||&#8221; text_text_color=&#8221;#000000&#8243; text_font_size=&#8221;19px&#8221; link_font=&#8221;||||||||&#8221; link_text_color=&#8221;#000000&#8243; custom_margin=&#8221;0px||84px|||&#8221; custom_padding=&#8221;3px|||||&#8221; global_colors_info=&#8221;{}&#8221;]<\/p>\n<p><strong><em>3. Avbokning av Svea Timander<\/em><\/strong><br \/>F\u00f6retagsseminarier\/\u00f6ppna seminarier\/enskild handledning\/vildmarksseminarium Sverige<br \/>Svea Timander har r\u00e4tt att st\u00e4lla in ett arrangemang av objektiva sk\u00e4l, t.ex. extremt kraftigt regn vid utomhusaktiviteter, f\u00f6r litet deltagarantal p\u00e5 seminarier eller sjukdom. I detta fall avtalas ett nytt datum. Om detta inte \u00e4r m\u00f6jligt f\u00f6r ett seminarium \u00e5terbetalas handpenningen inom 28 dagar. Kostnader, transportmedel och\/eller \u00f6vernattning som deltagaren hade bokat i f\u00f6rv\u00e4g ers\u00e4tts inte av Svea Timander.<\/p>\n<p><strong>\u00a7 5 Ansvar<\/strong><br \/><strong><em>1. Deltagarnas egenansvar<\/em><\/strong><br \/>Deltagarna \u00e4r ansvariga f\u00f6r sig sj\u00e4lva under och efter ett arrangemang. Deltagandet i alla arrangemang sker p\u00e5 egen risk, och eventuella f\u00f6ljder kan inte leda till n\u00e5gra fordringar eller skadest\u00e5ndsanspr\u00e5k gentemot Svea Timander.<br \/>Eftersom Svea Timanders erbjudanden inte inneh\u00e5ller n\u00e5gon terapi i medicinsk mening, kan endast psykiskt och fysiskt friska m\u00e4nniskor delta p\u00e5 Svea Timanders arrangemang. Om det f\u00f6religger en sjukdomsdiagnos eller en st\u00f6rning som anses vara en sjukdom, \u00e4r deltagarna skyldiga att visa upp ett l\u00e4karintyg d\u00e4r det framg\u00e5r att h\u00e4lsotillst\u00e5ndet till\u00e5ter ett deltagande p\u00e5 det aktuella arrangemanget.<\/p>\n<p><em><strong>2. Arrang\u00f6rens ansvar<\/strong><\/em><br \/>Svea Timander ansvarar endast f\u00f6r skador som bevisligen beror p\u00e5 upps\u00e5tlig eller grovt oaktsam underl\u00e5tenhet att uppfylla sina skyldigheter fr\u00e5n hennes sida inom ramen f\u00f6r avtalsf\u00f6rh\u00e5llandet och kan anses vara typiska skador som kunde f\u00f6rutses. Ansvar f\u00f6r force majeure, alla slags skadest\u00e5nd och anspr\u00e5k p\u00e5 grund av eventuella skador f\u00f6r tredje part \u00e4r uteslutet.<br \/>Svea Timander ansvarar inte f\u00f6r deltagares olyckor, skador (detta inbegriper \u00e4ven insekts- och djurbett) eller d\u00f6dsfall, som teoretiskt kan ske under ett seminarium i naturen.<\/p>\n<p><strong>\u00a7 6 \u00c4ndringar i arrangemangsschemat<\/strong><br \/>Svea Timander f\u00f6rbeh\u00e5ller sig r\u00e4tten att \u00e4ndra, ers\u00e4tta eller stryka enskilda programpunkter\/\u00f6vningar i sitt arrangemang, s\u00e5 l\u00e4nge detta inte p\u00e5verkar arrangemangets \u00f6vergripande karakt\u00e4r.<\/p>\n<p><strong>\u00a7 7 Behandling av uppgifter<\/strong><br \/>F\u00f6rfr\u00e5garen, uppdragsgivaren och deltagarna samtycker till datalagringen och behandlingen av dina personuppgifter enbart f\u00f6r interna \u00e4ndam\u00e5l enligt integritetspolicyn.<\/p>\n<p><strong>\u00a7 8. Information om \u00e5ngerr\u00e4tten<\/strong><br \/>Informationen om \u00e5ngerr\u00e4tten utg\u00f6r en del av dessa allm\u00e4nna villkor.<\/p>\n<p><strong>\u00a7 9. Slutbest\u00e4mmelse<\/strong><br \/>Om en best\u00e4mmelse i dessa allm\u00e4nna villkor eller en best\u00e4mmelse inom ramen f\u00f6r ytterligare \u00f6verenskommelser skulle vara eller bli ogiltig, p\u00e5verkas inte \u00f6vriga best\u00e4mmelsers eller \u00f6verenskommelsers giltighet av det.<\/p>\n<p>F\u00f6religgande allm\u00e4nna villkor\/anv\u00e4ndningsvillkor omfattas av tysk r\u00e4tt.<br \/>Laga domstol \u00e4r Berlin.<\/p>\n<p>Version: 30 november 2021<\/p>\n<p>&nbsp;<\/p>\n<p>[\/et_pb_text][\/et_pb_column][\/et_pb_row][\/et_pb_section][et_pb_section fb_built=&#8221;1&#8243; _builder_version=&#8221;4.4.1&#8243; background_image=&#8221;https:\/\/timander.de\/wp-content\/uploads\/2020\/03\/F\u00fchrungskr\u00e4fte-angstfrei-Verantwortung-tragen.jpg&#8221; min_height=&#8221;400px&#8221; height=&#8221;900px&#8221; custom_margin=&#8221;1px|||||&#8221; custom_padding=&#8221;8px||767px|||&#8221; global_colors_info=&#8221;{}&#8221;][\/et_pb_section]<\/p>\n","protected":false},"excerpt":{"rendered":"<p>ALLM\u00c4NNA VILLKOR ALLM\u00c4NNA VILLKOR \u00a7 1 Till\u00e4mpningsomr\u00e5deNedanst\u00e5ende villkor g\u00e4ller f\u00f6r alla Svea Timanders erbjudanden och tj\u00e4nster, om inte n\u00e5got annat har avtalats skriftligen. Det handlar om seminarier, utbildningar, grupphandledningar och enskilda handledningar \u2013 nedan kallade \u201darrangemang\u201d. Genom att anm\u00e4la sig till ett av arrangemangen godk\u00e4nner deltagaren v\u00e5ra allm\u00e4nna villkor som bindande. De allm\u00e4nna villkor som [&hellip;]<\/p>\n","protected":false},"author":6,"featured_media":0,"parent":0,"menu_order":0,"comment_status":"closed","ping_status":"closed","template":"","meta":{"_et_pb_use_builder":"on","_et_pb_old_content":"","_et_gb_content_width":"","footnotes":""},"class_list":["post-2327","page","type-page","status-publish","hentry"],"yoast_head":"<!-- This site is optimized with the Yoast SEO Premium plugin v26.8 (Yoast SEO v26.8) - https:\/\/yoast.com\/product\/yoast-seo-premium-wordpress\/ -->\n<title>AGB - Svea Timander<\/title>\n<meta name=\"robots\" content=\"index, follow, max-snippet:-1, max-image-preview:large, max-video-preview:-1\" \/>\n<link rel=\"canonical\" href=\"https:\/\/timander.de\/sv\/agb\/\" \/>\n<meta property=\"og:locale\" content=\"sv_SE\" \/>\n<meta property=\"og:type\" content=\"article\" \/>\n<meta property=\"og:title\" content=\"AGB\" \/>\n<meta property=\"og:description\" content=\"ALLM\u00c4NNA VILLKOR ALLM\u00c4NNA VILLKOR \u00a7 1 Till\u00e4mpningsomr\u00e5deNedanst\u00e5ende villkor g\u00e4ller f\u00f6r alla Svea Timanders erbjudanden och tj\u00e4nster, om inte n\u00e5got annat har avtalats skriftligen. Det handlar om seminarier, utbildningar, grupphandledningar och enskilda handledningar \u2013 nedan kallade \u201darrangemang\u201d. Genom att anm\u00e4la sig till ett av arrangemangen godk\u00e4nner deltagaren v\u00e5ra allm\u00e4nna villkor som bindande. De allm\u00e4nna villkor som [&hellip;]\" \/>\n<meta property=\"og:url\" content=\"https:\/\/timander.de\/sv\/agb\/\" \/>\n<meta property=\"og:site_name\" content=\"Svea Timander\" \/>\n<meta property=\"article:modified_time\" content=\"2022-02-16T09:49:19+00:00\" \/>\n<meta name=\"twitter:card\" content=\"summary_large_image\" \/>\n<script type=\"application\/ld+json\" class=\"yoast-schema-graph\">{\"@context\":\"https:\/\/schema.org\",\"@graph\":[{\"@type\":\"WebPage\",\"@id\":\"https:\/\/timander.de\/sv\/agb\/\",\"url\":\"https:\/\/timander.de\/sv\/agb\/\",\"name\":\"AGB - Svea Timander\",\"isPartOf\":{\"@id\":\"https:\/\/timander.de\/#website\"},\"datePublished\":\"2022-01-14T10:07:30+00:00\",\"dateModified\":\"2022-02-16T09:49:19+00:00\",\"breadcrumb\":{\"@id\":\"https:\/\/timander.de\/sv\/agb\/#breadcrumb\"},\"inLanguage\":\"sv-SE\",\"potentialAction\":[{\"@type\":\"ReadAction\",\"target\":[\"https:\/\/timander.de\/sv\/agb\/\"]}]},{\"@type\":\"BreadcrumbList\",\"@id\":\"https:\/\/timander.de\/sv\/agb\/#breadcrumb\",\"itemListElement\":[{\"@type\":\"ListItem\",\"position\":1,\"name\":\"Startseite\",\"item\":\"https:\/\/timander.de\/sv\/\"},{\"@type\":\"ListItem\",\"position\":2,\"name\":\"AGB\"}]},{\"@type\":\"WebSite\",\"@id\":\"https:\/\/timander.de\/#website\",\"url\":\"https:\/\/timander.de\/\",\"name\":\"Svea Timander\",\"description\":\"Digitalisierung hei\u00dft F\u00fchrungskompetenzerweiterung\",\"publisher\":{\"@id\":\"https:\/\/timander.de\/#\/schema\/person\/b34f98d8cf04d9a75a3182b59d8c4d3d\"},\"potentialAction\":[{\"@type\":\"SearchAction\",\"target\":{\"@type\":\"EntryPoint\",\"urlTemplate\":\"https:\/\/timander.de\/?s={search_term_string}\"},\"query-input\":{\"@type\":\"PropertyValueSpecification\",\"valueRequired\":true,\"valueName\":\"search_term_string\"}}],\"inLanguage\":\"sv-SE\"},{\"@type\":[\"Person\",\"Organization\"],\"@id\":\"https:\/\/timander.de\/#\/schema\/person\/b34f98d8cf04d9a75a3182b59d8c4d3d\",\"name\":\"Svea Timander\",\"image\":{\"@type\":\"ImageObject\",\"inLanguage\":\"sv-SE\",\"@id\":\"https:\/\/timander.de\/#\/schema\/person\/image\/\",\"url\":\"https:\/\/secure.gravatar.com\/avatar\/f819e28489c4d92b854073bb5fa9aab3?s=96&d=mm&r=g\",\"contentUrl\":\"https:\/\/secure.gravatar.com\/avatar\/f819e28489c4d92b854073bb5fa9aab3?s=96&d=mm&r=g\",\"caption\":\"Svea Timander\"},\"logo\":{\"@id\":\"https:\/\/timander.de\/#\/schema\/person\/image\/\"},\"sameAs\":[\"https:\/\/timander.de\"]}]}<\/script>\n<!-- \/ Yoast SEO Premium plugin. -->","yoast_head_json":{"title":"AGB - Svea Timander","robots":{"index":"index","follow":"follow","max-snippet":"max-snippet:-1","max-image-preview":"max-image-preview:large","max-video-preview":"max-video-preview:-1"},"canonical":"https:\/\/timander.de\/sv\/agb\/","og_locale":"sv_SE","og_type":"article","og_title":"AGB","og_description":"ALLM\u00c4NNA VILLKOR ALLM\u00c4NNA VILLKOR \u00a7 1 Till\u00e4mpningsomr\u00e5deNedanst\u00e5ende villkor g\u00e4ller f\u00f6r alla Svea Timanders erbjudanden och tj\u00e4nster, om inte n\u00e5got annat har avtalats skriftligen. Det handlar om seminarier, utbildningar, grupphandledningar och enskilda handledningar \u2013 nedan kallade \u201darrangemang\u201d. Genom att anm\u00e4la sig till ett av arrangemangen godk\u00e4nner deltagaren v\u00e5ra allm\u00e4nna villkor som bindande. De allm\u00e4nna villkor som [&hellip;]","og_url":"https:\/\/timander.de\/sv\/agb\/","og_site_name":"Svea Timander","article_modified_time":"2022-02-16T09:49:19+00:00","twitter_card":"summary_large_image","schema":{"@context":"https:\/\/schema.org","@graph":[{"@type":"WebPage","@id":"https:\/\/timander.de\/sv\/agb\/","url":"https:\/\/timander.de\/sv\/agb\/","name":"AGB - Svea Timander","isPartOf":{"@id":"https:\/\/timander.de\/#website"},"datePublished":"2022-01-14T10:07:30+00:00","dateModified":"2022-02-16T09:49:19+00:00","breadcrumb":{"@id":"https:\/\/timander.de\/sv\/agb\/#breadcrumb"},"inLanguage":"sv-SE","potentialAction":[{"@type":"ReadAction","target":["https:\/\/timander.de\/sv\/agb\/"]}]},{"@type":"BreadcrumbList","@id":"https:\/\/timander.de\/sv\/agb\/#breadcrumb","itemListElement":[{"@type":"ListItem","position":1,"name":"Startseite","item":"https:\/\/timander.de\/sv\/"},{"@type":"ListItem","position":2,"name":"AGB"}]},{"@type":"WebSite","@id":"https:\/\/timander.de\/#website","url":"https:\/\/timander.de\/","name":"Svea Timander","description":"Digitalisierung hei\u00dft F\u00fchrungskompetenzerweiterung","publisher":{"@id":"https:\/\/timander.de\/#\/schema\/person\/b34f98d8cf04d9a75a3182b59d8c4d3d"},"potentialAction":[{"@type":"SearchAction","target":{"@type":"EntryPoint","urlTemplate":"https:\/\/timander.de\/?s={search_term_string}"},"query-input":{"@type":"PropertyValueSpecification","valueRequired":true,"valueName":"search_term_string"}}],"inLanguage":"sv-SE"},{"@type":["Person","Organization"],"@id":"https:\/\/timander.de\/#\/schema\/person\/b34f98d8cf04d9a75a3182b59d8c4d3d","name":"Svea Timander","image":{"@type":"ImageObject","inLanguage":"sv-SE","@id":"https:\/\/timander.de\/#\/schema\/person\/image\/","url":"https:\/\/secure.gravatar.com\/avatar\/f819e28489c4d92b854073bb5fa9aab3?s=96&d=mm&r=g","contentUrl":"https:\/\/secure.gravatar.com\/avatar\/f819e28489c4d92b854073bb5fa9aab3?s=96&d=mm&r=g","caption":"Svea Timander"},"logo":{"@id":"https:\/\/timander.de\/#\/schema\/person\/image\/"},"sameAs":["https:\/\/timander.de"]}]}},"_links":{"self":[{"href":"https:\/\/timander.de\/sv\/wp-json\/wp\/v2\/pages\/2327","targetHints":{"allow":["GET"]}}],"collection":[{"href":"https:\/\/timander.de\/sv\/wp-json\/wp\/v2\/pages"}],"about":[{"href":"https:\/\/timander.de\/sv\/wp-json\/wp\/v2\/types\/page"}],"author":[{"embeddable":true,"href":"https:\/\/timander.de\/sv\/wp-json\/wp\/v2\/users\/6"}],"replies":[{"embeddable":true,"href":"https:\/\/timander.de\/sv\/wp-json\/wp\/v2\/comments?post=2327"}],"version-history":[{"count":2,"href":"https:\/\/timander.de\/sv\/wp-json\/wp\/v2\/pages\/2327\/revisions"}],"predecessor-version":[{"id":2329,"href":"https:\/\/timander.de\/sv\/wp-json\/wp\/v2\/pages\/2327\/revisions\/2329"}],"wp:attachment":[{"href":"https:\/\/timander.de\/sv\/wp-json\/wp\/v2\/media?parent=2327"}],"curies":[{"name":"wp","href":"https:\/\/api.w.org\/{rel}","templated":true}]}}