{"id":2330,"date":"2022-01-14T11:09:50","date_gmt":"2022-01-14T10:09:50","guid":{"rendered":"https:\/\/timander.de\/?page_id=2330"},"modified":"2022-02-16T10:48:35","modified_gmt":"2022-02-16T09:48:35","slug":"information-om-angerratten","status":"publish","type":"page","link":"https:\/\/timander.de\/sv\/information-om-angerratten\/","title":{"rendered":"Information om \u00e5ngerr\u00e4tten"},"content":{"rendered":"<p>[et_pb_section fb_built=&#8221;1&#8243; fullwidth=&#8221;on&#8221; _builder_version=&#8221;4.3.4&#8243; global_colors_info=&#8221;{}&#8221;][et_pb_fullwidth_image alt=&#8221;timander-Wahrnehmung-neue-Wege-fu\u0308r-Fu\u0308hrungskra\u0308fte&#8221; title_text=&#8221;timander-Wahrnehmung-neue-Wege-fu\u0308r-Fu\u0308hrungskra\u0308fte&#8221; _builder_version=&#8221;4.4.8&#8243; background_image=&#8221;https:\/\/timander.de\/wp-content\/uploads\/2020\/11\/timander-Wahrnehmung-neue-Wege-fu\u0308r-Fu\u0308hrungskra\u0308fte.jpg&#8221; min_height=&#8221;400px&#8221; height=&#8221;900px&#8221; custom_margin=&#8221;-2px|||||&#8221; custom_padding=&#8221;0px|||||&#8221; global_colors_info=&#8221;{}&#8221;][\/et_pb_fullwidth_image][\/et_pb_section][et_pb_section fb_built=&#8221;1&#8243; _builder_version=&#8221;4.3.4&#8243; background_color=&#8221;rgba(0,0,0,0)&#8221; use_background_color_gradient=&#8221;on&#8221; background_color_gradient_start=&#8221;#ffffff&#8221; background_color_gradient_end=&#8221;#ffffff&#8221; background_color_gradient_type=&#8221;radial&#8221; background_color_gradient_start_position=&#8221;1%&#8221; min_height=&#8221;608px&#8221; custom_margin=&#8221;0px||-2px|||&#8221; custom_padding=&#8221;5px||6px|||&#8221; global_colors_info=&#8221;{}&#8221;][et_pb_row column_structure=&#8221;1_2,1_2&#8243; _builder_version=&#8221;4.3.4&#8243; custom_padding=&#8221;||3px|||&#8221; global_colors_info=&#8221;{}&#8221;][et_pb_column type=&#8221;1_2&#8243; _builder_version=&#8221;4.3.4&#8243; global_colors_info=&#8221;{}&#8221;][et_pb_text _builder_version=&#8221;4.3.4&#8243; text_font=&#8221;Lato|300|||||||&#8221; header_font=&#8221;Lato|700|||||||&#8221; header_text_align=&#8221;right&#8221; header_text_color=&#8221;#125f1d&#8221; min_height=&#8221;54px&#8221; custom_margin=&#8221;90px|||||&#8221; custom_padding=&#8221;3px|||||&#8221; global_colors_info=&#8221;{}&#8221;]<\/p>\n<h1><strong>Information om \u00e5ngerr\u00e4tten<\/strong><\/h1>\n<p><span><span class=\"Apple-converted-space\"><\/span><\/span><\/p>\n<p>[\/et_pb_text][\/et_pb_column][et_pb_column type=&#8221;1_2&#8243; _builder_version=&#8221;4.3.4&#8243; global_colors_info=&#8221;{}&#8221;][\/et_pb_column][\/et_pb_row][et_pb_row column_structure=&#8221;1_2,1_2&#8243; _builder_version=&#8221;4.4.8&#8243; custom_margin=&#8221;||60px||false|false&#8221; custom_padding=&#8221;40px||0px||false|false&#8221; border_color_bottom=&#8221;#125f1d&#8221; global_colors_info=&#8221;{}&#8221;][et_pb_column type=&#8221;1_2&#8243; _builder_version=&#8221;4.3.4&#8243; global_colors_info=&#8221;{}&#8221;][et_pb_text _builder_version=&#8221;4.7.0&#8243; text_font=&#8221;Lato||||||||&#8221; header_font=&#8221;Lato|300||on|||||&#8221; header_2_font=&#8221;Lato|300||on|||||&#8221; header_2_font_size=&#8221;28px&#8221; header_3_font=&#8221;Lato|300||on|||||&#8221; header_3_font_size=&#8221;28px&#8221; width=&#8221;100%&#8221; custom_margin=&#8221;0px||0px||false|false&#8221; custom_padding=&#8221;0px||0px|||&#8221; global_colors_info=&#8221;{}&#8221;]<\/p>\n<h3>\u00c5NGERR\u00c4TT<\/h3>\n<p>[\/et_pb_text][et_pb_text _builder_version=&#8221;4.7.6&#8243; text_font=&#8221;Lato|300|||||||&#8221; text_text_color=&#8221;#000000&#8243; text_font_size=&#8221;19px&#8221; link_text_color=&#8221;#000000&#8243; min_height=&#8221;172px&#8221; custom_margin=&#8221;0px||60px|||&#8221; global_colors_info=&#8221;{}&#8221;]<\/p>\n<div class=\"et_pb_module et_pb_text et_pb_text_2  et_pb_text_align_left et_pb_bg_layout_light\">\n<div class=\"et_pb_text_inner\">Du har r\u00e4tt att h\u00e4va detta avtal inom fjorton dagar utan att ange sk\u00e4l.<br \/>\u00c5ngerfristen \u00e4r fjorton dagar fr\u00e5n dagen f\u00f6r avtalets ing\u00e5ende\/antagandet av erbjudandet.<br \/>F\u00f6r att ut\u00f6va din \u00e5ngerr\u00e4tt m\u00e5ste du informera mig, Svea Timander, Lisztallee 1A, 14612 Falkensee, telefonnummer 030\/98427781, &#105;n&#x66;o&#x40;t&#x69;m&#x6e;&#97;&#x64;&#101;&#x72;&#46;&#x64;&#101;, om ditt beslut att h\u00e4va detta avtal med ett entydigt meddelande (t.ex. ett brev som skickas med post eller e-post). <br \/>F\u00f6r iakttagande av \u00e5ngerfristen r\u00e4cker det att skicka meddelandet om ut\u00f6vandet av \u00e5ngerr\u00e4tten innan \u00e5ngerfristen l\u00f6per ut.<\/div>\n<\/div>\n<p>[\/et_pb_text][\/et_pb_column][et_pb_column type=&#8221;1_2&#8243; _builder_version=&#8221;4.3.4&#8243; global_colors_info=&#8221;{}&#8221;][et_pb_text _builder_version=&#8221;4.7.0&#8243; text_font=&#8221;Lato||||||||&#8221; header_font=&#8221;Lato|300||on|||||&#8221; header_2_font=&#8221;Lato|300||on|||||&#8221; header_2_font_size=&#8221;28px&#8221; header_3_font=&#8221;Lato|300||on|||||&#8221; header_3_font_size=&#8221;28px&#8221; width=&#8221;100%&#8221; custom_margin=&#8221;0px||0px||false|false&#8221; custom_padding=&#8221;0px||0px||false|false&#8221; global_colors_info=&#8221;{}&#8221;]<\/p>\n<h2>H\u00c4VNINGENS F\u00d6LJDER<\/h2>\n<p>[\/et_pb_text][et_pb_text _builder_version=&#8221;4.7.6&#8243; text_font=&#8221;Lato|300|||||||&#8221; text_text_color=&#8221;#000000&#8243; text_font_size=&#8221;19px&#8221; link_font=&#8221;||||||||&#8221; link_text_color=&#8221;#000000&#8243; custom_margin=&#8221;0px||1px|||&#8221; global_colors_info=&#8221;{}&#8221;]<\/p>\n<p>Om du h\u00e4ver detta avtal ska jag betala tillbaka alla belopp som jag har f\u00e5tt fr\u00e5n dig utan dr\u00f6jsm\u00e5l och senast inom fjorton dagar fr\u00e5n den dag d\u00e5 jag mottagit meddelandet om h\u00e4vningen av avtalet. F\u00f6r denna \u00e5terbetalning anv\u00e4nder vi samma betalningsmedel som du anv\u00e4nde vid den ursprungliga transaktionen, om inte n\u00e5got annat uttryckligen avtalats med dig. Denna \u00e5terbetalning \u00e4r alltid avgiftsfri f\u00f6r dig.<\/p>\n<p>Om du har beg\u00e4rt att tj\u00e4nsterna ska b\u00f6rja under \u00e5ngerfristen, s\u00e5 ska du betala ett sk\u00e4ligt belopp till oss som motsvarar den del av tj\u00e4nsterna som redan tillhandah\u00e5llits vid den tidpunkt d\u00e5 du underr\u00e4ttade oss om ut\u00f6vandet av \u00e5ngerr\u00e4tten betr\u00e4ffande detta avtal i j\u00e4mf\u00f6relse med den totala omfattningen av tj\u00e4nsterna i avtalet.<\/p>\n<p>[\/et_pb_text][\/et_pb_column][\/et_pb_row][\/et_pb_section][et_pb_section fb_built=&#8221;1&#8243; _builder_version=&#8221;4.4.1&#8243; background_image=&#8221;https:\/\/timander.de\/wp-content\/uploads\/2020\/03\/F\u00fchrungskr\u00e4fte-angstfrei-Verantwortung-tragen.jpg&#8221; min_height=&#8221;400px&#8221; height=&#8221;900px&#8221; custom_margin=&#8221;1px|||||&#8221; custom_padding=&#8221;8px||767px|||&#8221; global_colors_info=&#8221;{}&#8221;][\/et_pb_section]<\/p>\n","protected":false},"excerpt":{"rendered":"<p>Information om \u00e5ngerr\u00e4tten \u00c5NGERR\u00c4TT Du har r\u00e4tt att h\u00e4va detta avtal inom fjorton dagar utan att ange sk\u00e4l.\u00c5ngerfristen \u00e4r fjorton dagar fr\u00e5n dagen f\u00f6r avtalets ing\u00e5ende\/antagandet av erbjudandet.F\u00f6r att ut\u00f6va din \u00e5ngerr\u00e4tt m\u00e5ste du informera mig, Svea Timander, Lisztallee 1A, 14612 Falkensee, telefonnummer 030\/98427781, &#x69;&#x6e;&#x66;&#111;&#64;&#116;im&#x6e;&#x61;&#x64;&#x65;&#114;&#46;de, om ditt beslut att h\u00e4va detta avtal med ett entydigt [&hellip;]<\/p>\n","protected":false},"author":6,"featured_media":0,"parent":0,"menu_order":0,"comment_status":"closed","ping_status":"closed","template":"","meta":{"_et_pb_use_builder":"on","_et_pb_old_content":"","_et_gb_content_width":"","footnotes":""},"class_list":["post-2330","page","type-page","status-publish","hentry"],"yoast_head":"<!-- This site is optimized with the Yoast SEO Premium plugin v26.8 (Yoast SEO v26.8) - https:\/\/yoast.com\/product\/yoast-seo-premium-wordpress\/ -->\n<title>Information om \u00e5ngerr\u00e4tten - Svea Timander<\/title>\n<meta name=\"robots\" content=\"index, follow, max-snippet:-1, max-image-preview:large, max-video-preview:-1\" \/>\n<link rel=\"canonical\" href=\"https:\/\/timander.de\/sv\/information-om-angerratten\/\" \/>\n<meta property=\"og:locale\" content=\"sv_SE\" \/>\n<meta property=\"og:type\" content=\"article\" \/>\n<meta property=\"og:title\" content=\"Information om \u00e5ngerr\u00e4tten\" \/>\n<meta property=\"og:description\" content=\"Information om \u00e5ngerr\u00e4tten \u00c5NGERR\u00c4TT Du har r\u00e4tt att h\u00e4va detta avtal inom fjorton dagar utan att ange sk\u00e4l.\u00c5ngerfristen \u00e4r fjorton dagar fr\u00e5n dagen f\u00f6r avtalets ing\u00e5ende\/antagandet av erbjudandet.F\u00f6r att ut\u00f6va din \u00e5ngerr\u00e4tt m\u00e5ste du informera mig, Svea Timander, Lisztallee 1A, 14612 Falkensee, telefonnummer 030\/98427781, info@timnader.de, om ditt beslut att h\u00e4va detta avtal med ett entydigt [&hellip;]\" \/>\n<meta property=\"og:url\" content=\"https:\/\/timander.de\/sv\/information-om-angerratten\/\" \/>\n<meta property=\"og:site_name\" content=\"Svea Timander\" \/>\n<meta property=\"article:modified_time\" content=\"2022-02-16T09:48:35+00:00\" \/>\n<meta name=\"twitter:card\" content=\"summary_large_image\" \/>\n<script type=\"application\/ld+json\" class=\"yoast-schema-graph\">{\"@context\":\"https:\/\/schema.org\",\"@graph\":[{\"@type\":\"WebPage\",\"@id\":\"https:\/\/timander.de\/sv\/information-om-angerratten\/\",\"url\":\"https:\/\/timander.de\/sv\/information-om-angerratten\/\",\"name\":\"Information om \u00e5ngerr\u00e4tten - Svea Timander\",\"isPartOf\":{\"@id\":\"https:\/\/timander.de\/#website\"},\"datePublished\":\"2022-01-14T10:09:50+00:00\",\"dateModified\":\"2022-02-16T09:48:35+00:00\",\"breadcrumb\":{\"@id\":\"https:\/\/timander.de\/sv\/information-om-angerratten\/#breadcrumb\"},\"inLanguage\":\"sv-SE\",\"potentialAction\":[{\"@type\":\"ReadAction\",\"target\":[\"https:\/\/timander.de\/sv\/information-om-angerratten\/\"]}]},{\"@type\":\"BreadcrumbList\",\"@id\":\"https:\/\/timander.de\/sv\/information-om-angerratten\/#breadcrumb\",\"itemListElement\":[{\"@type\":\"ListItem\",\"position\":1,\"name\":\"Startseite\",\"item\":\"https:\/\/timander.de\/sv\/\"},{\"@type\":\"ListItem\",\"position\":2,\"name\":\"Information om \u00e5ngerr\u00e4tten\"}]},{\"@type\":\"WebSite\",\"@id\":\"https:\/\/timander.de\/#website\",\"url\":\"https:\/\/timander.de\/\",\"name\":\"Svea Timander\",\"description\":\"Digitalisierung hei\u00dft F\u00fchrungskompetenzerweiterung\",\"publisher\":{\"@id\":\"https:\/\/timander.de\/#\/schema\/person\/b34f98d8cf04d9a75a3182b59d8c4d3d\"},\"potentialAction\":[{\"@type\":\"SearchAction\",\"target\":{\"@type\":\"EntryPoint\",\"urlTemplate\":\"https:\/\/timander.de\/?s={search_term_string}\"},\"query-input\":{\"@type\":\"PropertyValueSpecification\",\"valueRequired\":true,\"valueName\":\"search_term_string\"}}],\"inLanguage\":\"sv-SE\"},{\"@type\":[\"Person\",\"Organization\"],\"@id\":\"https:\/\/timander.de\/#\/schema\/person\/b34f98d8cf04d9a75a3182b59d8c4d3d\",\"name\":\"Svea Timander\",\"image\":{\"@type\":\"ImageObject\",\"inLanguage\":\"sv-SE\",\"@id\":\"https:\/\/timander.de\/#\/schema\/person\/image\/\",\"url\":\"https:\/\/secure.gravatar.com\/avatar\/f819e28489c4d92b854073bb5fa9aab3?s=96&d=mm&r=g\",\"contentUrl\":\"https:\/\/secure.gravatar.com\/avatar\/f819e28489c4d92b854073bb5fa9aab3?s=96&d=mm&r=g\",\"caption\":\"Svea Timander\"},\"logo\":{\"@id\":\"https:\/\/timander.de\/#\/schema\/person\/image\/\"},\"sameAs\":[\"https:\/\/timander.de\"]}]}<\/script>\n<!-- \/ Yoast SEO Premium plugin. -->","yoast_head_json":{"title":"Information om \u00e5ngerr\u00e4tten - Svea Timander","robots":{"index":"index","follow":"follow","max-snippet":"max-snippet:-1","max-image-preview":"max-image-preview:large","max-video-preview":"max-video-preview:-1"},"canonical":"https:\/\/timander.de\/sv\/information-om-angerratten\/","og_locale":"sv_SE","og_type":"article","og_title":"Information om \u00e5ngerr\u00e4tten","og_description":"Information om \u00e5ngerr\u00e4tten \u00c5NGERR\u00c4TT Du har r\u00e4tt att h\u00e4va detta avtal inom fjorton dagar utan att ange sk\u00e4l.\u00c5ngerfristen \u00e4r fjorton dagar fr\u00e5n dagen f\u00f6r avtalets ing\u00e5ende\/antagandet av erbjudandet.F\u00f6r att ut\u00f6va din \u00e5ngerr\u00e4tt m\u00e5ste du informera mig, Svea Timander, Lisztallee 1A, 14612 Falkensee, telefonnummer 030\/98427781, info@timnader.de, om ditt beslut att h\u00e4va detta avtal med ett entydigt [&hellip;]","og_url":"https:\/\/timander.de\/sv\/information-om-angerratten\/","og_site_name":"Svea Timander","article_modified_time":"2022-02-16T09:48:35+00:00","twitter_card":"summary_large_image","schema":{"@context":"https:\/\/schema.org","@graph":[{"@type":"WebPage","@id":"https:\/\/timander.de\/sv\/information-om-angerratten\/","url":"https:\/\/timander.de\/sv\/information-om-angerratten\/","name":"Information om \u00e5ngerr\u00e4tten - Svea Timander","isPartOf":{"@id":"https:\/\/timander.de\/#website"},"datePublished":"2022-01-14T10:09:50+00:00","dateModified":"2022-02-16T09:48:35+00:00","breadcrumb":{"@id":"https:\/\/timander.de\/sv\/information-om-angerratten\/#breadcrumb"},"inLanguage":"sv-SE","potentialAction":[{"@type":"ReadAction","target":["https:\/\/timander.de\/sv\/information-om-angerratten\/"]}]},{"@type":"BreadcrumbList","@id":"https:\/\/timander.de\/sv\/information-om-angerratten\/#breadcrumb","itemListElement":[{"@type":"ListItem","position":1,"name":"Startseite","item":"https:\/\/timander.de\/sv\/"},{"@type":"ListItem","position":2,"name":"Information om \u00e5ngerr\u00e4tten"}]},{"@type":"WebSite","@id":"https:\/\/timander.de\/#website","url":"https:\/\/timander.de\/","name":"Svea Timander","description":"Digitalisierung hei\u00dft F\u00fchrungskompetenzerweiterung","publisher":{"@id":"https:\/\/timander.de\/#\/schema\/person\/b34f98d8cf04d9a75a3182b59d8c4d3d"},"potentialAction":[{"@type":"SearchAction","target":{"@type":"EntryPoint","urlTemplate":"https:\/\/timander.de\/?s={search_term_string}"},"query-input":{"@type":"PropertyValueSpecification","valueRequired":true,"valueName":"search_term_string"}}],"inLanguage":"sv-SE"},{"@type":["Person","Organization"],"@id":"https:\/\/timander.de\/#\/schema\/person\/b34f98d8cf04d9a75a3182b59d8c4d3d","name":"Svea Timander","image":{"@type":"ImageObject","inLanguage":"sv-SE","@id":"https:\/\/timander.de\/#\/schema\/person\/image\/","url":"https:\/\/secure.gravatar.com\/avatar\/f819e28489c4d92b854073bb5fa9aab3?s=96&d=mm&r=g","contentUrl":"https:\/\/secure.gravatar.com\/avatar\/f819e28489c4d92b854073bb5fa9aab3?s=96&d=mm&r=g","caption":"Svea Timander"},"logo":{"@id":"https:\/\/timander.de\/#\/schema\/person\/image\/"},"sameAs":["https:\/\/timander.de"]}]}},"_links":{"self":[{"href":"https:\/\/timander.de\/sv\/wp-json\/wp\/v2\/pages\/2330","targetHints":{"allow":["GET"]}}],"collection":[{"href":"https:\/\/timander.de\/sv\/wp-json\/wp\/v2\/pages"}],"about":[{"href":"https:\/\/timander.de\/sv\/wp-json\/wp\/v2\/types\/page"}],"author":[{"embeddable":true,"href":"https:\/\/timander.de\/sv\/wp-json\/wp\/v2\/users\/6"}],"replies":[{"embeddable":true,"href":"https:\/\/timander.de\/sv\/wp-json\/wp\/v2\/comments?post=2330"}],"version-history":[{"count":2,"href":"https:\/\/timander.de\/sv\/wp-json\/wp\/v2\/pages\/2330\/revisions"}],"predecessor-version":[{"id":2332,"href":"https:\/\/timander.de\/sv\/wp-json\/wp\/v2\/pages\/2330\/revisions\/2332"}],"wp:attachment":[{"href":"https:\/\/timander.de\/sv\/wp-json\/wp\/v2\/media?parent=2330"}],"curies":[{"name":"wp","href":"https:\/\/api.w.org\/{rel}","templated":true}]}}